{"id":147285,"date":"2023-04-20T17:23:44","date_gmt":"2023-04-20T15:23:44","guid":{"rendered":"https:\/\/www.wscad.com\/nadruk\/"},"modified":"2026-02-19T12:33:09","modified_gmt":"2026-02-19T11:33:09","slug":"nadruk","status":"publish","type":"page","link":"https:\/\/www.wscad.com\/us\/nadruk\/","title":{"rendered":"Nadruk"},"content":{"rendered":"[vc_row type=&#8221;in_container&#8221; full_screen_row_position=&#8221;middle&#8221; column_margin=&#8221;default&#8221; column_direction=&#8221;default&#8221; column_direction_tablet=&#8221;default&#8221; column_direction_phone=&#8221;default&#8221; scene_position=&#8221;center&#8221; text_color=&#8221;dark&#8221; text_align=&#8221;left&#8221; row_border_radius=&#8221;none&#8221; row_border_radius_applies=&#8221;bg&#8221; overflow=&#8221;visible&#8221; overlay_strength=&#8221;0.3&#8243; gradient_direction=&#8221;left_to_right&#8221; shape_divider_position=&#8221;bottom&#8221; bg_image_animation=&#8221;none&#8221;][vc_column column_padding=&#8221;no-extra-padding&#8221; column_padding_tablet=&#8221;inherit&#8221; column_padding_phone=&#8221;inherit&#8221; column_padding_position=&#8221;all&#8221; column_element_direction_desktop=&#8221;default&#8221; column_element_spacing=&#8221;default&#8221; desktop_text_alignment=&#8221;default&#8221; tablet_text_alignment=&#8221;default&#8221; phone_text_alignment=&#8221;default&#8221; background_color_opacity=&#8221;1&#8243; background_hover_color_opacity=&#8221;1&#8243; column_backdrop_filter=&#8221;none&#8221; column_shadow=&#8221;none&#8221; column_border_radius=&#8221;none&#8221; column_link_target=&#8221;_self&#8221; column_position=&#8221;default&#8221; gradient_direction=&#8221;left_to_right&#8221; overlay_strength=&#8221;0.3&#8243; width=&#8221;1\/1&#8243; tablet_width_inherit=&#8221;default&#8221; animation_type=&#8221;default&#8221; bg_image_animation=&#8221;none&#8221; border_type=&#8221;simple&#8221; column_border_width=&#8221;none&#8221; column_border_style=&#8221;solid&#8221;][vc_column_text]\n<h1>Nadruk<\/h1>\n[\/vc_column_text][divider line_type=&#8221;Small Line&#8221; line_alignment=&#8221;default&#8221; line_thickness=&#8221;1&#8243; divider_color=&#8221;default&#8221; custom_height=&#8221;35&#8243;][vc_column_text max_width=&#8221;900&#8243;]\n<h4>Informacje zgodnie z \u00a7 5 TMG<\/h4>\n<p>WSCAD GmbH<br \/>\nDieselstra\u00dfe 4<br \/>\n85232 Bergkirchen<\/p>\n<h4>Reprezentowany przez<\/h4>\n<p>Dr. Axel Zein, Moritz Buhl<\/p>\n<h4>Kontakt:<\/h4>\n<p>Telefon: +49 (0) 8131 \/ 3627 \u2013 0<br \/>\nTelefax: +49 (0) 8131 \/ 3627 \u2013 50<br \/>\nEmail: info@wscad.com<\/p>\n<h4>Wpis do rejestru<\/h4>\n<p>Wpis do rejestru handlowego.<br \/>\nS\u0105d rejestrowy: S\u0105d lokalny w Monachium<br \/>\nNumer rejestru: HRB 90263<\/p>\n<h4>Podatek od sprzeda\u017cy<\/h4>\n<p>Numer identyfikacyjny podatku od sprzeda\u017cy zgodnie z \u00a727 ustawy o podatkach: DE 128 251 316<\/p>\n<h4>Odpowiedzialny za tre\u015b\u0107 zgodnie z \u00a7 55 ust. 2 RStV<\/h4>\n<p>Dr. Axel Zein<br \/>\nDieselstra\u00dfe 4<br \/>\n85232 Bergkirchen[\/vc_column_text][divider line_type=&#8221;No Line&#8221; custom_height=&#8221;50&#8243;][vc_column_text max_width=&#8221;900&#8243;]\n<h3>Rozstrzyganie spor\u00f3w<\/h3>\n<p>Komisja Europejska udost\u0119pnia platform\u0119 do internetowego rozstrzygania spor\u00f3w (ODR):<br \/>\nhttps:\/\/ec.europa.eu\/consumers\/odr.<br \/>\nNasz adres email znajdziesz w tek\u015bcie powy\u017cej.<br \/>\nNie zamierzamy uczestniczy\u0107 ani nie jeste\u015bmy zobowi\u0105zani do udzia\u0142u w post\u0119powaniu w sprawie rozwi\u0105zywania spor\u00f3w przed polubownym s\u0105dem konsumenckim.<\/p>\n<h3>Odpowiedzialno\u015b\u0107 za zawarto\u015b\u0107<\/h3>\n<p>Jako us\u0142ugodawca jeste\u015bmy odpowiedzialni za w\u0142asne tre\u015bci na tych stronach zgodnie z og\u00f3lnymi przepisami \u00a7 7 ust. 1 niemieckiej ustawy o telemediach (TMG). Zgodnie z \u00a7\u00a7 8 do 10 TMG nie jeste\u015bmy jednak zobowi\u0105zani jako us\u0142ugodawca do monitorowania przekazywanych lub zapisywanych informacji os\u00f3b trzecich lub do badania okoliczno\u015bci wskazuj\u0105cych na nielegaln\u0105 dzia\u0142alno\u015b\u0107.<br \/>\nZobowi\u0105zania do usuni\u0119cia lub zablokowania wykorzystania informacji zgodnie z og\u00f3lnymi przepisami prawa pozostaj\u0105 nienaruszone. Odpowiedzialno\u015b\u0107 w tym zakresie jest jednak mo\u017cliwa dopiero od momentu uzyskania wiedzy o konkretnym naruszeniu. W przypadku powzi\u0119cia wiadomo\u015bci o odpowiednim naruszeniu prawa, tre\u015bci te zostan\u0105 niezw\u0142ocznie usuni\u0119te.<\/p>\n<h3>Odpowiedzialno\u015b\u0107 za linki<\/h3>\n<p>Nasza oferta zawiera linki do zewn\u0119trznych stron internetowych os\u00f3b trzecich, na kt\u00f3rych tre\u015b\u0107 nie mamy wp\u0142ywu. Dlatego nie mo\u017cemy przej\u0105\u0107 \u017cadnej odpowiedzialno\u015bci za te zewn\u0119trzne tre\u015bci. Za tre\u015bci zawarte na stronach, do kt\u00f3rych prowadz\u0105 linki, odpowiada zawsze dany oferent lub operator tych stron. Strony, do kt\u00f3rych odsy\u0142aj\u0105 linki, zosta\u0142y sprawdzone pod k\u0105tem ewentualnego naruszenia prawa w momencie ich podlinkowania. Nielegalne tre\u015bci nie by\u0142y rozpoznawalne w momencie umieszczania link\u00f3w.<br \/>\nSta\u0142a kontrola zawarto\u015bci stron, do kt\u00f3rych prowadz\u0105 linki, nie jest jednak uzasadniona bez konkretnych dowod\u00f3w na naruszenie prawa. W przypadku powzi\u0119cia informacji o naruszeniu prawa, niezw\u0142ocznie usuniemy takie linki.<\/p>\n<h3>Prawa autorskie<\/h3>\n<p>Tre\u015bci i dzie\u0142a stworzone przez operator\u00f3w stron na tych stronach podlegaj\u0105 niemieckiemu prawu autorskiemu. Powielanie, przetwarzanie, rozpowszechnianie i wszelkiego rodzaju wykorzystywanie poza granicami prawa autorskiego wymaga pisemnej zgody danego autora lub tw\u00f3rcy. Pobieranie i kopiowanie tej strony jest dozwolone tylko do prywatnego, niekomercyjnego u\u017cytku.<br \/>\nO ile tre\u015bci na tej stronie nie zosta\u0142y stworzone przez operatora, przestrzegane s\u0105 prawa autorskie os\u00f3b trzecich. W szczeg\u00f3lno\u015bci tre\u015bci os\u00f3b trzecich s\u0105 oznaczone jako takie. Je\u015bli mimo to dowiedz\u0105 si\u0119 Pa\u0144stwo o naruszeniu praw autorskich, prosimy o odpowiedni\u0105 informacj\u0119. W przypadku powzi\u0119cia wiadomo\u015bci o naruszeniu prawa, niezw\u0142ocznie usuniemy takie tre\u015bci.[\/vc_column_text][\/vc_column][\/vc_row]\n","protected":false},"excerpt":{"rendered":"<p>[vc_row type=&#8221;in_container&#8221; full_screen_row_position=&#8221;middle&#8221; column_margin=&#8221;default&#8221; column_direction=&#8221;default&#8221; column_direction_tablet=&#8221;default&#8221; column_direction_phone=&#8221;default&#8221; scene_position=&#8221;center&#8221; text_color=&#8221;dark&#8221; text_align=&#8221;left&#8221; row_border_radius=&#8221;none&#8221; row_border_radius_applies=&#8221;bg&#8221; overflow=&#8221;visible&#8221; overlay_strength=&#8221;0.3&#8243; gradient_direction=&#8221;left_to_right&#8221; shape_divider_position=&#8221;bottom&#8221; bg_image_animation=&#8221;none&#8221;][vc_column column_padding=&#8221;no-extra-padding&#8221; column_padding_tablet=&#8221;inherit&#8221; column_padding_phone=&#8221;inherit&#8221; column_padding_position=&#8221;all&#8221; column_element_direction_desktop=&#8221;default&#8221; column_element_spacing=&#8221;default&#8221; desktop_text_alignment=&#8221;default&#8221; tablet_text_alignment=&#8221;default&#8221; phone_text_alignment=&#8221;default&#8221; background_color_opacity=&#8221;1&#8243; background_hover_color_opacity=&#8221;1&#8243; column_backdrop_filter=&#8221;none&#8221; column_shadow=&#8221;none&#8221; column_border_radius=&#8221;none&#8221; column_link_target=&#8221;_self&#8221; column_position=&#8221;default&#8221; gradient_direction=&#8221;left_to_right&#8221; overlay_strength=&#8221;0.3&#8243; width=&#8221;1\/1&#8243; tablet_width_inherit=&#8221;default&#8221; animation_type=&#8221;default&#8221; bg_image_animation=&#8221;none&#8221; border_type=&#8221;simple&#8221;&#8230;<\/p>\n","protected":false},"author":48,"featured_media":0,"parent":0,"menu_order":0,"comment_status":"closed","ping_status":"closed","template":"","meta":{"content-type":"","inline_featured_image":false,"footnotes":""},"class_list":["post-147285","page","type-page","status-publish"],"yoast_head":"<!-- This site is optimized with the Yoast SEO plugin v27.1.1 - https:\/\/yoast.com\/product\/yoast-seo-wordpress\/ -->\n<title>Nadruk | WSCAD Inc.<\/title>\n<meta name=\"description\" content=\"Nadruk Informacje zgodnie z \u00a7 5 TMG WSCAD GmbH Dieselstra\u00dfe 4 85232 Bergkirchen Reprezentowany przez Dr. Axel Zein, Moritz Buhl Kontakt: Telefon: +49 (0)\" \/>\n<meta name=\"robots\" content=\"index, follow, max-snippet:-1, max-image-preview:large, max-video-preview:-1\" \/>\n<link rel=\"canonical\" href=\"https:\/\/www.wscad.com\/us\/nadruk\/\" \/>\n<meta property=\"og:locale\" content=\"en_US\" \/>\n<meta property=\"og:type\" content=\"article\" \/>\n<meta property=\"og:title\" content=\"Nadruk | WSCAD Inc.\" \/>\n<meta property=\"og:description\" content=\"Nadruk Informacje zgodnie z \u00a7 5 TMG WSCAD GmbH Dieselstra\u00dfe 4 85232 Bergkirchen Reprezentowany przez Dr. Axel Zein, Moritz Buhl Kontakt: Telefon: +49 (0)\" \/>\n<meta property=\"og:url\" content=\"https:\/\/www.wscad.com\/us\/nadruk\/\" \/>\n<meta property=\"og:site_name\" content=\"WSCAD Inc.\" \/>\n<meta property=\"article:modified_time\" content=\"2026-02-19T11:33:09+00:00\" \/>\n<meta property=\"og:image\" content=\"https:\/\/www.wscad.com\/wp-content\/uploads\/2021\/01\/WSCAD_default_preview_image.jpg\" \/>\n\t<meta property=\"og:image:width\" content=\"1024\" \/>\n\t<meta property=\"og:image:height\" content=\"768\" \/>\n\t<meta property=\"og:image:type\" content=\"image\/jpeg\" \/>\n<meta name=\"twitter:card\" content=\"summary_large_image\" \/>\n<meta name=\"twitter:site\" content=\"@wscad\" \/>\n<meta name=\"twitter:label1\" content=\"Est. reading time\" \/>\n\t<meta name=\"twitter:data1\" content=\"3 minutes\" \/>\n<script type=\"application\/ld+json\" class=\"yoast-schema-graph\">{\"@context\":\"https:\/\/schema.org\",\"@graph\":[{\"@type\":\"TechArticle\",\"@id\":\"https:\/\/www.wscad.com\/us\/nadruk\/#article\",\"isPartOf\":{\"@id\":\"https:\/\/www.wscad.com\/us\/nadruk\/\"},\"author\":{\"name\":\"Alex Vell\",\"@id\":\"https:\/\/www.wscad.com\/us\/#\/schema\/person\/062e798bd850a5d12170c1e8ae712a0f\"},\"headline\":\"Nadruk\",\"datePublished\":\"2023-04-20T15:23:44+00:00\",\"dateModified\":\"2026-02-19T11:33:09+00:00\",\"mainEntityOfPage\":{\"@id\":\"https:\/\/www.wscad.com\/us\/nadruk\/\"},\"wordCount\":677,\"publisher\":{\"@id\":\"https:\/\/www.wscad.com\/us\/#organization\"},\"inLanguage\":\"en-US\"},{\"@type\":\"WebPage\",\"@id\":\"https:\/\/www.wscad.com\/us\/nadruk\/\",\"url\":\"https:\/\/www.wscad.com\/us\/nadruk\/\",\"name\":\"Nadruk | WSCAD Inc.\",\"isPartOf\":{\"@id\":\"https:\/\/www.wscad.com\/us\/#website\"},\"datePublished\":\"2023-04-20T15:23:44+00:00\",\"dateModified\":\"2026-02-19T11:33:09+00:00\",\"description\":\"Nadruk Informacje zgodnie z \u00a7 5 TMG WSCAD GmbH Dieselstra\u00dfe 4 85232 Bergkirchen Reprezentowany przez Dr. Axel Zein, Moritz Buhl Kontakt: Telefon: +49 (0)\",\"inLanguage\":\"en-US\",\"potentialAction\":[{\"@type\":\"ReadAction\",\"target\":[\"https:\/\/www.wscad.com\/us\/nadruk\/\"]}]},{\"@type\":\"WebSite\",\"@id\":\"https:\/\/www.wscad.com\/us\/#website\",\"url\":\"https:\/\/www.wscad.com\/us\/\",\"name\":\"WSCAD Inc.\",\"description\":\"The only AI-powered electrical CAD\",\"publisher\":{\"@id\":\"https:\/\/www.wscad.com\/us\/#organization\"},\"alternateName\":\"Electrical CAD Software\",\"potentialAction\":[{\"@type\":\"SearchAction\",\"target\":{\"@type\":\"EntryPoint\",\"urlTemplate\":\"https:\/\/www.wscad.com\/us\/?s={search_term_string}\"},\"query-input\":{\"@type\":\"PropertyValueSpecification\",\"valueRequired\":true,\"valueName\":\"search_term_string\"}}],\"inLanguage\":\"en-US\"},{\"@type\":\"Organization\",\"@id\":\"https:\/\/www.wscad.com\/us\/#organization\",\"name\":\"WSCAD Inc.\",\"alternateName\":\"ELECTRIX\",\"url\":\"https:\/\/www.wscad.com\/us\/\",\"logo\":{\"@type\":\"ImageObject\",\"inLanguage\":\"en-US\",\"@id\":\"https:\/\/www.wscad.com\/us\/#\/schema\/logo\/image\/\",\"url\":\"https:\/\/www.wscad.com\/wp-content\/uploads\/2024\/10\/WSCAD-Logo-4c_Positive-Blue-RGB_frameless.png\",\"contentUrl\":\"https:\/\/www.wscad.com\/wp-content\/uploads\/2024\/10\/WSCAD-Logo-4c_Positive-Blue-RGB_frameless.png\",\"width\":2000,\"height\":392,\"caption\":\"WSCAD Inc.\"},\"image\":{\"@id\":\"https:\/\/www.wscad.com\/us\/#\/schema\/logo\/image\/\"},\"sameAs\":[\"https:\/\/x.com\/wscad\",\"https:\/\/www.instagram.com\/wscad_gmbh\",\"https:\/\/www.linkedin.com\/company\/wscad\/\",\"https:\/\/www.youtube.com\/c\/WSCADGmbH\"]},{\"@type\":\"Person\",\"@id\":\"https:\/\/www.wscad.com\/us\/#\/schema\/person\/062e798bd850a5d12170c1e8ae712a0f\",\"name\":\"Alex Vell\"}]}<\/script>\n<!-- \/ Yoast SEO plugin. -->","yoast_head_json":{"title":"Nadruk | WSCAD Inc.","description":"Nadruk Informacje zgodnie z \u00a7 5 TMG WSCAD GmbH Dieselstra\u00dfe 4 85232 Bergkirchen Reprezentowany przez Dr. Axel Zein, Moritz Buhl Kontakt: Telefon: +49 (0)","robots":{"index":"index","follow":"follow","max-snippet":"max-snippet:-1","max-image-preview":"max-image-preview:large","max-video-preview":"max-video-preview:-1"},"canonical":"https:\/\/www.wscad.com\/us\/nadruk\/","og_locale":"en_US","og_type":"article","og_title":"Nadruk | WSCAD Inc.","og_description":"Nadruk Informacje zgodnie z \u00a7 5 TMG WSCAD GmbH Dieselstra\u00dfe 4 85232 Bergkirchen Reprezentowany przez Dr. Axel Zein, Moritz Buhl Kontakt: Telefon: +49 (0)","og_url":"https:\/\/www.wscad.com\/us\/nadruk\/","og_site_name":"WSCAD Inc.","article_modified_time":"2026-02-19T11:33:09+00:00","og_image":[{"width":1024,"height":768,"url":"https:\/\/www.wscad.com\/wp-content\/uploads\/2021\/01\/WSCAD_default_preview_image.jpg","type":"image\/jpeg"}],"twitter_card":"summary_large_image","twitter_site":"@wscad","twitter_misc":{"Est. reading time":"3 minutes"},"schema":{"@context":"https:\/\/schema.org","@graph":[{"@type":"TechArticle","@id":"https:\/\/www.wscad.com\/us\/nadruk\/#article","isPartOf":{"@id":"https:\/\/www.wscad.com\/us\/nadruk\/"},"author":{"name":"Alex Vell","@id":"https:\/\/www.wscad.com\/us\/#\/schema\/person\/062e798bd850a5d12170c1e8ae712a0f"},"headline":"Nadruk","datePublished":"2023-04-20T15:23:44+00:00","dateModified":"2026-02-19T11:33:09+00:00","mainEntityOfPage":{"@id":"https:\/\/www.wscad.com\/us\/nadruk\/"},"wordCount":677,"publisher":{"@id":"https:\/\/www.wscad.com\/us\/#organization"},"inLanguage":"en-US"},{"@type":"WebPage","@id":"https:\/\/www.wscad.com\/us\/nadruk\/","url":"https:\/\/www.wscad.com\/us\/nadruk\/","name":"Nadruk | WSCAD Inc.","isPartOf":{"@id":"https:\/\/www.wscad.com\/us\/#website"},"datePublished":"2023-04-20T15:23:44+00:00","dateModified":"2026-02-19T11:33:09+00:00","description":"Nadruk Informacje zgodnie z \u00a7 5 TMG WSCAD GmbH Dieselstra\u00dfe 4 85232 Bergkirchen Reprezentowany przez Dr. Axel Zein, Moritz Buhl Kontakt: Telefon: +49 (0)","inLanguage":"en-US","potentialAction":[{"@type":"ReadAction","target":["https:\/\/www.wscad.com\/us\/nadruk\/"]}]},{"@type":"WebSite","@id":"https:\/\/www.wscad.com\/us\/#website","url":"https:\/\/www.wscad.com\/us\/","name":"WSCAD Inc.","description":"The only AI-powered electrical CAD","publisher":{"@id":"https:\/\/www.wscad.com\/us\/#organization"},"alternateName":"Electrical CAD Software","potentialAction":[{"@type":"SearchAction","target":{"@type":"EntryPoint","urlTemplate":"https:\/\/www.wscad.com\/us\/?s={search_term_string}"},"query-input":{"@type":"PropertyValueSpecification","valueRequired":true,"valueName":"search_term_string"}}],"inLanguage":"en-US"},{"@type":"Organization","@id":"https:\/\/www.wscad.com\/us\/#organization","name":"WSCAD Inc.","alternateName":"ELECTRIX","url":"https:\/\/www.wscad.com\/us\/","logo":{"@type":"ImageObject","inLanguage":"en-US","@id":"https:\/\/www.wscad.com\/us\/#\/schema\/logo\/image\/","url":"https:\/\/www.wscad.com\/wp-content\/uploads\/2024\/10\/WSCAD-Logo-4c_Positive-Blue-RGB_frameless.png","contentUrl":"https:\/\/www.wscad.com\/wp-content\/uploads\/2024\/10\/WSCAD-Logo-4c_Positive-Blue-RGB_frameless.png","width":2000,"height":392,"caption":"WSCAD Inc."},"image":{"@id":"https:\/\/www.wscad.com\/us\/#\/schema\/logo\/image\/"},"sameAs":["https:\/\/x.com\/wscad","https:\/\/www.instagram.com\/wscad_gmbh","https:\/\/www.linkedin.com\/company\/wscad\/","https:\/\/www.youtube.com\/c\/WSCADGmbH"]},{"@type":"Person","@id":"https:\/\/www.wscad.com\/us\/#\/schema\/person\/062e798bd850a5d12170c1e8ae712a0f","name":"Alex Vell"}]}},"publishpress_future_workflow_manual_trigger":{"enabledWorkflows":[]},"_links":{"self":[{"href":"https:\/\/www.wscad.com\/us\/wp-json\/wp\/v2\/pages\/147285","targetHints":{"allow":["GET"]}}],"collection":[{"href":"https:\/\/www.wscad.com\/us\/wp-json\/wp\/v2\/pages"}],"about":[{"href":"https:\/\/www.wscad.com\/us\/wp-json\/wp\/v2\/types\/page"}],"author":[{"embeddable":true,"href":"https:\/\/www.wscad.com\/us\/wp-json\/wp\/v2\/users\/48"}],"replies":[{"embeddable":true,"href":"https:\/\/www.wscad.com\/us\/wp-json\/wp\/v2\/comments?post=147285"}],"version-history":[{"count":1,"href":"https:\/\/www.wscad.com\/us\/wp-json\/wp\/v2\/pages\/147285\/revisions"}],"predecessor-version":[{"id":152983,"href":"https:\/\/www.wscad.com\/us\/wp-json\/wp\/v2\/pages\/147285\/revisions\/152983"}],"wp:attachment":[{"href":"https:\/\/www.wscad.com\/us\/wp-json\/wp\/v2\/media?parent=147285"}],"curies":[{"name":"wp","href":"https:\/\/api.w.org\/{rel}","templated":true}]}}