{"id":12197,"date":"2017-01-20T10:20:18","date_gmt":"2017-01-20T09:20:18","guid":{"rendered":"http:\/\/52.57.120.185\/?page_id=12197\/"},"modified":"2023-10-25T14:59:22","modified_gmt":"2023-10-25T12:59:22","slug":"wscaduniverse","status":"publish","type":"page","link":"https:\/\/www.wscad.com\/hu\/wscaduniverse\/","title":{"rendered":"wscaduniverse.com"},"content":{"rendered":"[vc_row type=&#8221;full_width_background&#8221; full_screen_row_position=&#8221;middle&#8221; column_margin=&#8221;default&#8221; equal_height=&#8221;yes&#8221; content_placement=&#8221;middle&#8221; column_direction=&#8221;default&#8221; column_direction_tablet=&#8221;default&#8221; column_direction_phone=&#8221;default&#8221; bg_color=&#8221;#10263b&#8221; bg_image=&#8221;136773&#8243; bg_position=&#8221;right bottom&#8221; background_image_loading=&#8221;lazy-load&#8221; bg_repeat=&#8221;no-repeat&#8221; scene_position=&#8221;center&#8221; text_color=&#8221;light&#8221; text_align=&#8221;left&#8221; row_border_radius=&#8221;none&#8221; row_border_radius_applies=&#8221;bg&#8221; overflow=&#8221;visible&#8221; class=&#8221;wsu_bg&#8221; id=&#8221;header_withgradient&#8221; overlay_strength=&#8221;0.3&#8243; gradient_direction=&#8221;left_to_right&#8221; shape_divider_position=&#8221;bottom&#8221; bg_image_animation=&#8221;none&#8221; shape_type=&#8221;&#8221; gradient_type=&#8221;default&#8221;][vc_column column_padding=&#8221;no-extra-padding&#8221; column_padding_tablet=&#8221;inherit&#8221; column_padding_phone=&#8221;inherit&#8221; column_padding_position=&#8221;all&#8221; column_element_direction_desktop=&#8221;default&#8221; column_element_spacing=&#8221;default&#8221; desktop_text_alignment=&#8221;default&#8221; tablet_text_alignment=&#8221;default&#8221; phone_text_alignment=&#8221;default&#8221; background_color_opacity=&#8221;1&#8243; background_hover_color_opacity=&#8221;1&#8243; column_backdrop_filter=&#8221;none&#8221; column_shadow=&#8221;none&#8221; column_border_radius=&#8221;none&#8221; column_link_target=&#8221;_self&#8221; column_position=&#8221;default&#8221; el_class=&#8221;header_leftarea&#8221; gradient_direction=&#8221;left_to_right&#8221; overlay_strength=&#8221;0.3&#8243; width=&#8221;1\/1&#8243; tablet_width_inherit=&#8221;default&#8221; animation_type=&#8221;default&#8221; bg_image_animation=&#8221;none&#8221; border_type=&#8221;simple&#8221; column_border_width=&#8221;none&#8221; column_border_style=&#8221;solid&#8221;][image_with_animation image_url=&#8221;104548&#8243; image_size=&#8221;full&#8221; animation_type=&#8221;entrance&#8221; animation=&#8221;None&#8221; animation_movement_type=&#8221;transform_y&#8221; hover_animation=&#8221;none&#8221; alignment=&#8221;&#8221; border_radius=&#8221;none&#8221; box_shadow=&#8221;none&#8221; image_loading=&#8221;default&#8221; max_width=&#8221;100%&#8221; max_width_mobile=&#8221;default&#8221; margin_bottom=&#8221;12&#8243; el_class=&#8221;wsu_logo&#8221;][vc_column_text]\n<h4>Ingyenes E-CAD adatk\u00f6nyvt\u00e1r<\/h4>\n[\/vc_column_text][\/vc_column][\/vc_row][vc_row type=&#8221;full_width_background&#8221; full_screen_row_position=&#8221;middle&#8221; column_margin=&#8221;default&#8221; column_direction=&#8221;default&#8221; column_direction_tablet=&#8221;default&#8221; column_direction_phone=&#8221;default&#8221; scene_position=&#8221;center&#8221; top_padding=&#8221;100&#8243; bottom_padding=&#8221;5%&#8221; text_color=&#8221;dark&#8221; text_align=&#8221;left&#8221; row_border_radius=&#8221;none&#8221; row_border_radius_applies=&#8221;bg&#8221; overflow=&#8221;visible&#8221; overlay_strength=&#8221;0.3&#8243; gradient_direction=&#8221;left_to_right&#8221; shape_divider_position=&#8221;bottom&#8221; bg_image_animation=&#8221;none&#8221;][vc_column column_padding=&#8221;no-extra-padding&#8221; column_padding_tablet=&#8221;inherit&#8221; column_padding_phone=&#8221;inherit&#8221; column_padding_position=&#8221;all&#8221; column_element_direction_desktop=&#8221;default&#8221; column_element_spacing=&#8221;default&#8221; desktop_text_alignment=&#8221;default&#8221; tablet_text_alignment=&#8221;default&#8221; phone_text_alignment=&#8221;default&#8221; background_color_opacity=&#8221;1&#8243; background_hover_color_opacity=&#8221;1&#8243; column_backdrop_filter=&#8221;none&#8221; column_shadow=&#8221;none&#8221; column_border_radius=&#8221;none&#8221; column_link_target=&#8221;_self&#8221; column_position=&#8221;default&#8221; gradient_direction=&#8221;left_to_right&#8221; overlay_strength=&#8221;0.3&#8243; width=&#8221;1\/4&#8243; tablet_width_inherit=&#8221;default&#8221; animation_type=&#8221;default&#8221; bg_image_animation=&#8221;none&#8221; border_type=&#8221;simple&#8221; column_border_width=&#8221;none&#8221; column_border_style=&#8221;solid&#8221;][\/vc_column][vc_column column_padding=&#8221;padding-1-percent&#8221; column_padding_tablet=&#8221;inherit&#8221; column_padding_phone=&#8221;inherit&#8221; column_padding_position=&#8221;left-right&#8221; column_element_direction_desktop=&#8221;default&#8221; column_element_spacing=&#8221;default&#8221; desktop_text_alignment=&#8221;default&#8221; tablet_text_alignment=&#8221;default&#8221; phone_text_alignment=&#8221;default&#8221; background_color_opacity=&#8221;1&#8243; background_hover_color_opacity=&#8221;1&#8243; column_backdrop_filter=&#8221;none&#8221; column_shadow=&#8221;none&#8221; column_border_radius=&#8221;none&#8221; column_link_target=&#8221;_self&#8221; column_position=&#8221;default&#8221; gradient_direction=&#8221;left_to_right&#8221; overlay_strength=&#8221;0.3&#8243; width=&#8221;1\/2&#8243; tablet_width_inherit=&#8221;default&#8221; animation_type=&#8221;default&#8221; enable_animation=&#8221;true&#8221; animation=&#8221;fade-in&#8221; animation_easing=&#8221;default&#8221; bg_image_animation=&#8221;none&#8221; border_type=&#8221;simple&#8221; column_border_width=&#8221;none&#8221; column_border_style=&#8221;solid&#8221;][vc_row_inner column_margin=&#8221;default&#8221; column_direction=&#8221;default&#8221; column_direction_tablet=&#8221;default&#8221; column_direction_phone=&#8221;default&#8221; text_align=&#8221;left&#8221; row_position=&#8221;default&#8221; row_position_tablet=&#8221;inherit&#8221; row_position_phone=&#8221;inherit&#8221; overflow=&#8221;visible&#8221; pointer_events=&#8221;all&#8221;][vc_column_inner column_padding=&#8221;no-extra-padding&#8221; column_padding_tablet=&#8221;inherit&#8221; column_padding_phone=&#8221;inherit&#8221; column_padding_position=&#8221;all&#8221; column_element_direction_desktop=&#8221;default&#8221; column_element_spacing=&#8221;default&#8221; desktop_text_alignment=&#8221;default&#8221; tablet_text_alignment=&#8221;default&#8221; phone_text_alignment=&#8221;default&#8221; background_color_opacity=&#8221;1&#8243; background_hover_color_opacity=&#8221;1&#8243; column_backdrop_filter=&#8221;none&#8221; column_shadow=&#8221;none&#8221; column_border_radius=&#8221;none&#8221; column_link_target=&#8221;_self&#8221; overflow=&#8221;visible&#8221; gradient_direction=&#8221;left_to_right&#8221; overlay_strength=&#8221;0.3&#8243; width=&#8221;1\/1&#8243; tablet_width_inherit=&#8221;default&#8221; animation_type=&#8221;default&#8221; bg_image_animation=&#8221;none&#8221; border_type=&#8221;simple&#8221; column_border_width=&#8221;none&#8221; column_border_style=&#8221;solid&#8221;][vc_column_text]\n<h2>wscaduniverse.com<\/h2>\n<h4>Ingyenes E-CAD alkatr\u00e9sz adatb\u00e1zis a WSCAD-t\u0151l<\/h4>\n[\/vc_column_text][divider line_type=&#8221;Small Line&#8221; line_alignment=&#8221;default&#8221; line_thickness=&#8221;1&#8243; divider_color=&#8221;default&#8221; custom_height=&#8221;35&#8243;][vc_column_text]\u00dcdv\u00f6zli a wscaduniverse.com &#8211; a vil\u00e1gszerte legnagyobb E-CAD adatk\u00f6nyvt\u00e1r. Haszn\u00e1ljon t\u00f6bb mint 2,2 milli\u00f3 aktu\u00e1lis \u00e9s megb\u00edzhat\u00f3 cikkadatot t\u00f6bb mint 450 gy\u00e1rt\u00f3t\u00f3l WSCAD-, 3D-STEP-, DWG- \u00e9s EDZ-form\u00e1tumban. Emelje munk\u00e1ja min\u0151s\u00e9g\u00e9t \u00e9s takar\u00edtson meg \u00e9rt\u00e9kes id\u0151t.<\/p>\n<p>Ind\u00edtsa egyszer\u0171en a b\u00f6ng\u00e9sz\u0151b\u0151l vagy a WSCAD szoftverb\u0151l: keressen, v\u00e1logasson \u00e9s illesszen be alkatr\u00e9szeket k\u00f6zvetlen\u00fcl WSCAD-, EDZ- vagy DWG-alap\u00fa projektjeibe. Vagy haszn\u00e1ljon egyszer\u0171en 3D-STEP-adatokat a kapcsol\u00f3szekr\u00e9ny-\u00e9p\u00edt\u00e9shez a WSCAD szoftverben. Mi\u00e9rt nem regisztr\u00e1l r\u00f6gt\u00f6n \u00e9s pr\u00f3b\u00e1lja ki? Csak egy l\u00e9p\u00e9snyire van ett\u0151l \u2013<a href=\"https:\/\/www.wscaduniverse.com\/welcome\" target=\"_blank\" rel=\"noopener\"> regisztr\u00e1ljon most ingyen<\/a>!<\/p>\n<p><strong>Az alkatr\u00e9szadatok felt\u00f6lt\u00e9se \u00e9s rendelkez\u00e9sre bocs\u00e1t\u00e1sa a gy\u00e1rt\u00f3k sz\u00e1m\u00e1ra is ingyenes.<\/strong> Term\u00e9kadatait kereken 145.000 E-CAD-felhaszn\u00e1l\u00f3 \u00e9ri el vil\u00e1gszerte k\u00f6zvetlen\u00fcl.<\/p>\n<p>\u00dajdons\u00e1g: m\u00e1r 3D-adatok is el\u00e9rhet\u0151k STEP-form\u00e1tumban p\u00e9ld\u00e1ul a <strong><span style=\"color: #be0728;\"><a style=\"color: #be0728;\" href=\"https:\/\/www.wscad.com\/hu\/kapcsoloszekreny\/\">szekr\u00e9ny\u00e9p\u00edt\u00e9shez<\/a><\/span><\/strong> a WSCAD <span class=\"VIiyi\" lang=\"hu\"><span class=\"JLqJ4b ChMk0b\" data-language-for-alternatives=\"hu\" data-language-to-translate-into=\"de\" data-phrase-index=\"0\">szoftver<\/span><\/span> programban!<\/p>\n<p><a href=\"https:\/\/www.wscaduniverse.com\/\" target=\"_blank\" rel=\"noopener noreferrer\"><strong>www.wscaduniverse.com<\/strong><\/a>[\/vc_column_text][divider line_type=&#8221;No Line&#8221; custom_height=&#8221;50&#8243;][vc_column_text]<a class=\"nectar-button n-sc-button medium see-through-2 has-icon\" target=\"_blank\" href=\"https:\/\/www.wscaduniverse.com\/\" data-color-override=\"#000000\"  data-hover-color-override=\"#000000\" data-hover-text-color-override=\"#fff\"><span>A PORT\u00c1LRA<\/span><i class=\"steadysets-icon-arrow-right\"><\/i><\/a>[\/vc_column_text][\/vc_column_inner][\/vc_row_inner][\/vc_column][vc_column column_padding=&#8221;no-extra-padding&#8221; column_padding_tablet=&#8221;inherit&#8221; column_padding_phone=&#8221;inherit&#8221; column_padding_position=&#8221;all&#8221; column_element_direction_desktop=&#8221;default&#8221; column_element_spacing=&#8221;default&#8221; desktop_text_alignment=&#8221;default&#8221; tablet_text_alignment=&#8221;default&#8221; phone_text_alignment=&#8221;default&#8221; background_color_opacity=&#8221;1&#8243; background_hover_color_opacity=&#8221;1&#8243; column_backdrop_filter=&#8221;none&#8221; column_shadow=&#8221;none&#8221; column_border_radius=&#8221;none&#8221; column_link_target=&#8221;_self&#8221; column_position=&#8221;default&#8221; gradient_direction=&#8221;left_to_right&#8221; overlay_strength=&#8221;0.3&#8243; width=&#8221;1\/4&#8243; tablet_width_inherit=&#8221;default&#8221; animation_type=&#8221;default&#8221; bg_image_animation=&#8221;none&#8221; border_type=&#8221;simple&#8221; column_border_width=&#8221;none&#8221; column_border_style=&#8221;solid&#8221;][\/vc_column][\/vc_row][vc_row type=&#8221;full_width_background&#8221; full_screen_row_position=&#8221;middle&#8221; column_margin=&#8221;default&#8221; column_direction=&#8221;default&#8221; column_direction_tablet=&#8221;default&#8221; column_direction_phone=&#8221;default&#8221; bg_color=&#8221;#ffcc00&#8243; bg_image=&#8221;6234&#8243; bg_position=&#8221;left top&#8221; background_image_loading=&#8221;default&#8221; bg_repeat=&#8221;no-repeat&#8221; scene_position=&#8221;center&#8221; text_color=&#8221;dark&#8221; text_align=&#8221;left&#8221; row_border_radius=&#8221;none&#8221; row_border_radius_applies=&#8221;bg&#8221; overflow=&#8221;visible&#8221; overlay_strength=&#8221;0.3&#8243; gradient_direction=&#8221;left_to_right&#8221; shape_divider_position=&#8221;bottom&#8221; bg_image_animation=&#8221;none&#8221;][vc_column column_padding=&#8221;padding-2-percent&#8221; column_padding_tablet=&#8221;inherit&#8221; column_padding_phone=&#8221;inherit&#8221; column_padding_position=&#8221;all&#8221; column_element_direction_desktop=&#8221;default&#8221; column_element_spacing=&#8221;default&#8221; desktop_text_alignment=&#8221;default&#8221; tablet_text_alignment=&#8221;default&#8221; phone_text_alignment=&#8221;default&#8221; background_color_opacity=&#8221;1&#8243; background_hover_color_opacity=&#8221;1&#8243; column_backdrop_filter=&#8221;none&#8221; column_shadow=&#8221;none&#8221; column_border_radius=&#8221;none&#8221; column_link_target=&#8221;_self&#8221; column_position=&#8221;default&#8221; gradient_direction=&#8221;left_to_right&#8221; overlay_strength=&#8221;0.3&#8243; width=&#8221;1\/1&#8243; tablet_width_inherit=&#8221;default&#8221; animation_type=&#8221;default&#8221; bg_image_animation=&#8221;none&#8221; border_type=&#8221;simple&#8221; column_border_width=&#8221;none&#8221; column_border_style=&#8221;solid&#8221;][nectar_global_section id=&#8221;114564&#8243;][\/vc_column][\/vc_row]\n","protected":false},"excerpt":{"rendered":"<p>[vc_row type=&#8221;full_width_background&#8221; full_screen_row_position=&#8221;middle&#8221; column_margin=&#8221;default&#8221; equal_height=&#8221;yes&#8221; content_placement=&#8221;middle&#8221; column_direction=&#8221;default&#8221; column_direction_tablet=&#8221;default&#8221; column_direction_phone=&#8221;default&#8221; bg_color=&#8221;#10263b&#8221; bg_image=&#8221;136773&#8243; bg_position=&#8221;right bottom&#8221; background_image_loading=&#8221;lazy-load&#8221; bg_repeat=&#8221;no-repeat&#8221; scene_position=&#8221;center&#8221; text_color=&#8221;light&#8221; text_align=&#8221;left&#8221; row_border_radius=&#8221;none&#8221; row_border_radius_applies=&#8221;bg&#8221; overflow=&#8221;visible&#8221; class=&#8221;wsu_bg&#8221; id=&#8221;header_withgradient&#8221; overlay_strength=&#8221;0.3&#8243; gradient_direction=&#8221;left_to_right&#8221; shape_divider_position=&#8221;bottom&#8221; bg_image_animation=&#8221;none&#8221; shape_type=&#8221;&#8221; gradient_type=&#8221;default&#8221;][vc_column column_padding=&#8221;no-extra-padding&#8221; column_padding_tablet=&#8221;inherit&#8221; column_padding_phone=&#8221;inherit&#8221; column_padding_position=&#8221;all&#8221; column_element_direction_desktop=&#8221;default&#8221; column_element_spacing=&#8221;default&#8221; desktop_text_alignment=&#8221;default&#8221; tablet_text_alignment=&#8221;default&#8221; phone_text_alignment=&#8221;default&#8221; background_color_opacity=&#8221;1&#8243; background_hover_color_opacity=&#8221;1&#8243;&#8230;<\/p>\n","protected":false},"author":48,"featured_media":0,"parent":0,"menu_order":0,"comment_status":"open","ping_status":"open","template":"","meta":{"content-type":"","inline_featured_image":false,"footnotes":""},"class_list":["post-12197","page","type-page","status-publish"],"yoast_head":"<!-- This site is optimized with the Yoast SEO plugin v27.1.1 - https:\/\/yoast.com\/product\/yoast-seo-wordpress\/ -->\n<title>wscaduniverse.com | WSCAD GmbH<\/title>\n<meta name=\"description\" content=\"Ingyenes E-CAD alkatr\u00e9sz adatb\u00e1zis a WSCAD-t\u0151l\" \/>\n<meta name=\"robots\" content=\"index, follow, max-snippet:-1, max-image-preview:large, max-video-preview:-1\" \/>\n<link rel=\"canonical\" href=\"https:\/\/www.wscad.com\/hu\/wscaduniverse\/\" \/>\n<meta property=\"og:locale\" content=\"hu_HU\" \/>\n<meta property=\"og:type\" content=\"article\" \/>\n<meta property=\"og:title\" content=\"wscaduniverse.com | WSCAD GmbH\" \/>\n<meta property=\"og:description\" content=\"Ingyenes E-CAD alkatr\u00e9sz adatb\u00e1zis a WSCAD-t\u0151l\" \/>\n<meta property=\"og:url\" content=\"https:\/\/www.wscad.com\/hu\/wscaduniverse\/\" \/>\n<meta property=\"og:site_name\" content=\"WSCAD GmbH\" \/>\n<meta property=\"article:modified_time\" content=\"2023-10-25T12:59:22+00:00\" \/>\n<meta property=\"og:image\" content=\"https:\/\/www.wscad.com\/wp-content\/uploads\/2021\/01\/WSCAD_default_preview_image.jpg\" \/>\n\t<meta property=\"og:image:width\" content=\"1024\" \/>\n\t<meta property=\"og:image:height\" content=\"768\" \/>\n\t<meta property=\"og:image:type\" content=\"image\/jpeg\" \/>\n<meta name=\"twitter:card\" content=\"summary_large_image\" \/>\n<meta name=\"twitter:site\" content=\"@wscad\" \/>\n<meta name=\"twitter:label1\" content=\"Becs\u00fclt olvas\u00e1si id\u0151\" \/>\n\t<meta name=\"twitter:data1\" content=\"2 perc\" \/>\n<script type=\"application\/ld+json\" class=\"yoast-schema-graph\">{\"@context\":\"https:\/\/schema.org\",\"@graph\":[{\"@type\":\"TechArticle\",\"@id\":\"https:\/\/www.wscad.com\/hu\/wscaduniverse\/#article\",\"isPartOf\":{\"@id\":\"https:\/\/www.wscad.com\/hu\/wscaduniverse\/\"},\"author\":{\"name\":\"Alex Vell\",\"@id\":\"https:\/\/www.wscad.com\/hu\/#\/schema\/person\/062e798bd850a5d12170c1e8ae712a0f\"},\"headline\":\"wscaduniverse.com\",\"datePublished\":\"2017-01-20T09:20:18+00:00\",\"dateModified\":\"2023-10-25T12:59:22+00:00\",\"mainEntityOfPage\":{\"@id\":\"https:\/\/www.wscad.com\/hu\/wscaduniverse\/\"},\"wordCount\":1194,\"commentCount\":0,\"publisher\":{\"@id\":\"https:\/\/www.wscad.com\/hu\/#organization\"},\"inLanguage\":\"hu\",\"potentialAction\":[{\"@type\":\"CommentAction\",\"name\":\"Comment\",\"target\":[\"https:\/\/www.wscad.com\/hu\/wscaduniverse\/#respond\"]}]},{\"@type\":\"WebPage\",\"@id\":\"https:\/\/www.wscad.com\/hu\/wscaduniverse\/\",\"url\":\"https:\/\/www.wscad.com\/hu\/wscaduniverse\/\",\"name\":\"wscaduniverse.com | WSCAD GmbH\",\"isPartOf\":{\"@id\":\"https:\/\/www.wscad.com\/hu\/#website\"},\"datePublished\":\"2017-01-20T09:20:18+00:00\",\"dateModified\":\"2023-10-25T12:59:22+00:00\",\"description\":\"Ingyenes E-CAD alkatr\u00e9sz adatb\u00e1zis a WSCAD-t\u0151l\",\"inLanguage\":\"hu\",\"potentialAction\":[{\"@type\":\"ReadAction\",\"target\":[\"https:\/\/www.wscad.com\/hu\/wscaduniverse\/\"]}]},{\"@type\":\"WebSite\",\"@id\":\"https:\/\/www.wscad.com\/hu\/#website\",\"url\":\"https:\/\/www.wscad.com\/hu\/\",\"name\":\"WSCAD GmbH\",\"description\":\"The only AI-powered electrical CAD\",\"publisher\":{\"@id\":\"https:\/\/www.wscad.com\/hu\/#organization\"},\"alternateName\":\"Electrical CAD Software\",\"potentialAction\":[{\"@type\":\"SearchAction\",\"target\":{\"@type\":\"EntryPoint\",\"urlTemplate\":\"https:\/\/www.wscad.com\/hu\/?s={search_term_string}\"},\"query-input\":{\"@type\":\"PropertyValueSpecification\",\"valueRequired\":true,\"valueName\":\"search_term_string\"}}],\"inLanguage\":\"hu\"},{\"@type\":\"Organization\",\"@id\":\"https:\/\/www.wscad.com\/hu\/#organization\",\"name\":\"WSCAD GmbH\",\"alternateName\":\"ELECTRIX\",\"url\":\"https:\/\/www.wscad.com\/hu\/\",\"logo\":{\"@type\":\"ImageObject\",\"inLanguage\":\"hu\",\"@id\":\"https:\/\/www.wscad.com\/hu\/#\/schema\/logo\/image\/\",\"url\":\"https:\/\/www.wscad.com\/wp-content\/uploads\/2024\/10\/WSCAD-Logo-4c_Positive-Blue-RGB_frameless.png\",\"contentUrl\":\"https:\/\/www.wscad.com\/wp-content\/uploads\/2024\/10\/WSCAD-Logo-4c_Positive-Blue-RGB_frameless.png\",\"width\":2000,\"height\":392,\"caption\":\"WSCAD GmbH\"},\"image\":{\"@id\":\"https:\/\/www.wscad.com\/hu\/#\/schema\/logo\/image\/\"},\"sameAs\":[\"https:\/\/x.com\/wscad\",\"https:\/\/www.instagram.com\/wscad_gmbh\",\"https:\/\/www.linkedin.com\/company\/wscad\/\",\"https:\/\/www.youtube.com\/c\/WSCADGmbH\"]},{\"@type\":\"Person\",\"@id\":\"https:\/\/www.wscad.com\/hu\/#\/schema\/person\/062e798bd850a5d12170c1e8ae712a0f\",\"name\":\"Alex Vell\"}]}<\/script>\n<!-- \/ Yoast SEO plugin. -->","yoast_head_json":{"title":"wscaduniverse.com | WSCAD GmbH","description":"Ingyenes E-CAD alkatr\u00e9sz adatb\u00e1zis a WSCAD-t\u0151l","robots":{"index":"index","follow":"follow","max-snippet":"max-snippet:-1","max-image-preview":"max-image-preview:large","max-video-preview":"max-video-preview:-1"},"canonical":"https:\/\/www.wscad.com\/hu\/wscaduniverse\/","og_locale":"hu_HU","og_type":"article","og_title":"wscaduniverse.com | WSCAD GmbH","og_description":"Ingyenes E-CAD alkatr\u00e9sz adatb\u00e1zis a WSCAD-t\u0151l","og_url":"https:\/\/www.wscad.com\/hu\/wscaduniverse\/","og_site_name":"WSCAD GmbH","article_modified_time":"2023-10-25T12:59:22+00:00","og_image":[{"width":1024,"height":768,"url":"https:\/\/www.wscad.com\/wp-content\/uploads\/2021\/01\/WSCAD_default_preview_image.jpg","type":"image\/jpeg"}],"twitter_card":"summary_large_image","twitter_site":"@wscad","twitter_misc":{"Becs\u00fclt olvas\u00e1si id\u0151":"2 perc"},"schema":{"@context":"https:\/\/schema.org","@graph":[{"@type":"TechArticle","@id":"https:\/\/www.wscad.com\/hu\/wscaduniverse\/#article","isPartOf":{"@id":"https:\/\/www.wscad.com\/hu\/wscaduniverse\/"},"author":{"name":"Alex Vell","@id":"https:\/\/www.wscad.com\/hu\/#\/schema\/person\/062e798bd850a5d12170c1e8ae712a0f"},"headline":"wscaduniverse.com","datePublished":"2017-01-20T09:20:18+00:00","dateModified":"2023-10-25T12:59:22+00:00","mainEntityOfPage":{"@id":"https:\/\/www.wscad.com\/hu\/wscaduniverse\/"},"wordCount":1194,"commentCount":0,"publisher":{"@id":"https:\/\/www.wscad.com\/hu\/#organization"},"inLanguage":"hu","potentialAction":[{"@type":"CommentAction","name":"Comment","target":["https:\/\/www.wscad.com\/hu\/wscaduniverse\/#respond"]}]},{"@type":"WebPage","@id":"https:\/\/www.wscad.com\/hu\/wscaduniverse\/","url":"https:\/\/www.wscad.com\/hu\/wscaduniverse\/","name":"wscaduniverse.com | WSCAD GmbH","isPartOf":{"@id":"https:\/\/www.wscad.com\/hu\/#website"},"datePublished":"2017-01-20T09:20:18+00:00","dateModified":"2023-10-25T12:59:22+00:00","description":"Ingyenes E-CAD alkatr\u00e9sz adatb\u00e1zis a WSCAD-t\u0151l","inLanguage":"hu","potentialAction":[{"@type":"ReadAction","target":["https:\/\/www.wscad.com\/hu\/wscaduniverse\/"]}]},{"@type":"WebSite","@id":"https:\/\/www.wscad.com\/hu\/#website","url":"https:\/\/www.wscad.com\/hu\/","name":"WSCAD GmbH","description":"The only AI-powered electrical CAD","publisher":{"@id":"https:\/\/www.wscad.com\/hu\/#organization"},"alternateName":"Electrical CAD Software","potentialAction":[{"@type":"SearchAction","target":{"@type":"EntryPoint","urlTemplate":"https:\/\/www.wscad.com\/hu\/?s={search_term_string}"},"query-input":{"@type":"PropertyValueSpecification","valueRequired":true,"valueName":"search_term_string"}}],"inLanguage":"hu"},{"@type":"Organization","@id":"https:\/\/www.wscad.com\/hu\/#organization","name":"WSCAD GmbH","alternateName":"ELECTRIX","url":"https:\/\/www.wscad.com\/hu\/","logo":{"@type":"ImageObject","inLanguage":"hu","@id":"https:\/\/www.wscad.com\/hu\/#\/schema\/logo\/image\/","url":"https:\/\/www.wscad.com\/wp-content\/uploads\/2024\/10\/WSCAD-Logo-4c_Positive-Blue-RGB_frameless.png","contentUrl":"https:\/\/www.wscad.com\/wp-content\/uploads\/2024\/10\/WSCAD-Logo-4c_Positive-Blue-RGB_frameless.png","width":2000,"height":392,"caption":"WSCAD GmbH"},"image":{"@id":"https:\/\/www.wscad.com\/hu\/#\/schema\/logo\/image\/"},"sameAs":["https:\/\/x.com\/wscad","https:\/\/www.instagram.com\/wscad_gmbh","https:\/\/www.linkedin.com\/company\/wscad\/","https:\/\/www.youtube.com\/c\/WSCADGmbH"]},{"@type":"Person","@id":"https:\/\/www.wscad.com\/hu\/#\/schema\/person\/062e798bd850a5d12170c1e8ae712a0f","name":"Alex Vell"}]}},"publishpress_future_workflow_manual_trigger":{"enabledWorkflows":[]},"_links":{"self":[{"href":"https:\/\/www.wscad.com\/hu\/wp-json\/wp\/v2\/pages\/12197","targetHints":{"allow":["GET"]}}],"collection":[{"href":"https:\/\/www.wscad.com\/hu\/wp-json\/wp\/v2\/pages"}],"about":[{"href":"https:\/\/www.wscad.com\/hu\/wp-json\/wp\/v2\/types\/page"}],"author":[{"embeddable":true,"href":"https:\/\/www.wscad.com\/hu\/wp-json\/wp\/v2\/users\/48"}],"replies":[{"embeddable":true,"href":"https:\/\/www.wscad.com\/hu\/wp-json\/wp\/v2\/comments?post=12197"}],"version-history":[{"count":0,"href":"https:\/\/www.wscad.com\/hu\/wp-json\/wp\/v2\/pages\/12197\/revisions"}],"wp:attachment":[{"href":"https:\/\/www.wscad.com\/hu\/wp-json\/wp\/v2\/media?parent=12197"}],"curies":[{"name":"wp","href":"https:\/\/api.w.org\/{rel}","templated":true}]}}