{"id":12131,"date":"2017-01-18T12:07:05","date_gmt":"2017-01-18T11:07:05","guid":{"rendered":"http:\/\/52.57.120.185\/?page_id=12131\/"},"modified":"2022-11-24T14:47:06","modified_gmt":"2022-11-24T13:47:06","slug":"electrical-engineering","status":"publish","type":"page","link":"https:\/\/www.wscad.com\/hu\/electrical-engineering\/","title":{"rendered":"Electrical Engineering \u2013 Elektrotechnika"},"content":{"rendered":"[vc_row type=&#8221;full_width_content&#8221; full_screen_row_position=&#8221;middle&#8221; column_margin=&#8221;default&#8221; column_direction=&#8221;default&#8221; column_direction_tablet=&#8221;default&#8221; column_direction_phone=&#8221;default&#8221; scene_position=&#8221;center&#8221; text_color=&#8221;dark&#8221; text_align=&#8221;left&#8221; row_border_radius=&#8221;none&#8221; row_border_radius_applies=&#8221;bg&#8221; overlay_strength=&#8221;0.3&#8243; gradient_direction=&#8221;left_to_right&#8221; shape_divider_position=&#8221;bottom&#8221; bg_image_animation=&#8221;none&#8221;][vc_column column_padding=&#8221;no-extra-padding&#8221; column_padding_tablet=&#8221;inherit&#8221; column_padding_phone=&#8221;inherit&#8221; column_padding_position=&#8221;all&#8221; column_element_spacing=&#8221;default&#8221; background_color_opacity=&#8221;1&#8243; background_hover_color_opacity=&#8221;1&#8243; column_shadow=&#8221;none&#8221; column_border_radius=&#8221;none&#8221; column_link_target=&#8221;_self&#8221; gradient_direction=&#8221;left_to_right&#8221; overlay_strength=&#8221;0.3&#8243; width=&#8221;1\/1&#8243; tablet_width_inherit=&#8221;default&#8221; tablet_text_alignment=&#8221;default&#8221; phone_text_alignment=&#8221;default&#8221; bg_image_animation=&#8221;none&#8221; border_type=&#8221;simple&#8221; column_border_width=&#8221;none&#8221; column_border_style=&#8221;solid&#8221;][nectar_image_comparison image_url=&#8221;6348&#8243; image_2_url=&#8221;6349&#8243;][\/vc_column][\/vc_row][vc_row type=&#8221;in_container&#8221; full_screen_row_position=&#8221;middle&#8221; column_margin=&#8221;default&#8221; column_direction=&#8221;default&#8221; column_direction_tablet=&#8221;default&#8221; column_direction_phone=&#8221;default&#8221; scene_position=&#8221;center&#8221; top_padding=&#8221;150&#8243; text_color=&#8221;dark&#8221; text_align=&#8221;left&#8221; row_border_radius=&#8221;none&#8221; row_border_radius_applies=&#8221;bg&#8221; overlay_strength=&#8221;0.3&#8243; gradient_direction=&#8221;left_to_right&#8221; shape_divider_position=&#8221;bottom&#8221; bg_image_animation=&#8221;none&#8221;][vc_column column_padding=&#8221;padding-3-percent&#8221; column_padding_tablet=&#8221;inherit&#8221; column_padding_phone=&#8221;inherit&#8221; column_padding_position=&#8221;all&#8221; column_element_spacing=&#8221;default&#8221; background_color_opacity=&#8221;1&#8243; background_hover_color_opacity=&#8221;1&#8243; column_shadow=&#8221;none&#8221; column_border_radius=&#8221;none&#8221; column_link_target=&#8221;_self&#8221; gradient_direction=&#8221;left_to_right&#8221; overlay_strength=&#8221;0.3&#8243; width=&#8221;1\/2&#8243; tablet_width_inherit=&#8221;default&#8221; tablet_text_alignment=&#8221;default&#8221; phone_text_alignment=&#8221;default&#8221; bg_image_animation=&#8221;none&#8221; border_type=&#8221;simple&#8221; column_border_width=&#8221;none&#8221; column_border_style=&#8221;solid&#8221;][vc_row_inner equal_height=&#8221;yes&#8221; content_placement=&#8221;middle&#8221; column_margin=&#8221;default&#8221; column_direction=&#8221;default&#8221; column_direction_tablet=&#8221;default&#8221; column_direction_phone=&#8221;default&#8221; text_align=&#8221;left&#8221;][vc_column_inner column_padding=&#8221;no-extra-padding&#8221; column_padding_tablet=&#8221;inherit&#8221; column_padding_phone=&#8221;inherit&#8221; column_padding_position=&#8221;all&#8221; column_element_spacing=&#8221;default&#8221; background_color_opacity=&#8221;1&#8243; background_hover_color_opacity=&#8221;1&#8243; column_shadow=&#8221;none&#8221; column_border_radius=&#8221;none&#8221; column_link_target=&#8221;_self&#8221; gradient_direction=&#8221;left_to_right&#8221; overlay_strength=&#8221;0.3&#8243; width=&#8221;1\/6&#8243; tablet_width_inherit=&#8221;default&#8221; bg_image_animation=&#8221;none&#8221; border_type=&#8221;simple&#8221; column_border_width=&#8221;none&#8221; column_border_style=&#8221;solid&#8221;][image_with_animation image_url=&#8221;6046&#8243; animation=&#8221;Grow In&#8221; hover_animation=&#8221;none&#8221; alignment=&#8221;center&#8221; border_radius=&#8221;none&#8221; box_shadow=&#8221;none&#8221; image_loading=&#8221;default&#8221; max_width=&#8221;100%&#8221; max_width_mobile=&#8221;default&#8221; delay=&#8221;50&#8243;][\/vc_column_inner][vc_column_inner column_padding=&#8221;no-extra-padding&#8221; column_padding_tablet=&#8221;inherit&#8221; column_padding_phone=&#8221;inherit&#8221; column_padding_position=&#8221;all&#8221; column_element_spacing=&#8221;default&#8221; background_color_opacity=&#8221;1&#8243; background_hover_color_opacity=&#8221;1&#8243; column_shadow=&#8221;none&#8221; column_border_radius=&#8221;none&#8221; column_link_target=&#8221;_self&#8221; gradient_direction=&#8221;left_to_right&#8221; overlay_strength=&#8221;0.3&#8243; width=&#8221;5\/6&#8243; tablet_width_inherit=&#8221;default&#8221; bg_image_animation=&#8221;none&#8221; border_type=&#8221;simple&#8221; column_border_width=&#8221;none&#8221; column_border_style=&#8221;solid&#8221;][vc_column_text]\n<h2 style=\"text-align: left;\">Electrical Engineering<\/h2>\n[\/vc_column_text][\/vc_column_inner][\/vc_row_inner][divider line_type=&#8221;Small Line&#8221; line_alignment=&#8221;default&#8221; line_thickness=&#8221;1&#8243; divider_color=&#8221;default&#8221; custom_height=&#8221;35&#8243;][vc_column_text]Az elektrotechnikai technol\u00f3gi\u00e1val a m\u00e9rn\u00f6k\u00f6k \u00e9s tervez\u0151k k\u00f6z\u00e9p- \u00e9s kisfesz\u00fclts\u00e9g\u0171 berendez\u00e9seket terveznek, fejlesztenek \u00e9s dokument\u00e1lnak a g\u00e9p- \u00e9s berendez\u00e9sgy\u00e1rt\u00e1s, valamint az ipari- \u00e9s \u00e9p\u00fclettechnika ter\u00fclet\u00e9n. Kapcsol\u00f3szekr\u00e9ny- \u00e9s kapcsol\u00f3berendez\u00e9s-gy\u00e1rt\u00f3k, l\u00e9tes\u00edtm\u00e9ny\u00fczemeltet\u0151-, karbantart\u00f3- \u00e9s szervizc\u00e9gek, valamint \u00fczemi elektrotechnikusok haszn\u00e1lj\u00e1k a felhaszn\u00e1l\u00f3bar\u00e1t szoftvert a kapcsol\u00e1si rajzokkal val\u00f3 munk\u00e1ra \u00e9s a dokumentumok megtekint\u00e9s\u00e9re.[\/vc_column_text][divider line_type=&#8221;No Line&#8221; custom_height=&#8221;30&#8243;][vc_column_text]<a class=\"nectar-button n-sc-button small see-through-2 has-icon\"  href=\"\/hu\/demo\/\" data-color-override=\"#000000\"  data-hover-color-override=\"#000000\" data-hover-text-color-override=\"#fff\"><span>Dem\u00f3 verzi\u00f3 tesztel\u00e9se<\/span><i class=\"fa fa-download\"><\/i><\/a>[\/vc_column_text][\/vc_column][vc_column column_padding=&#8221;padding-3-percent&#8221; column_padding_tablet=&#8221;inherit&#8221; column_padding_phone=&#8221;inherit&#8221; column_padding_position=&#8221;all&#8221; column_element_spacing=&#8221;default&#8221; background_color_opacity=&#8221;1&#8243; background_hover_color_opacity=&#8221;1&#8243; column_shadow=&#8221;none&#8221; column_border_radius=&#8221;none&#8221; column_link_target=&#8221;_self&#8221; gradient_direction=&#8221;left_to_right&#8221; overlay_strength=&#8221;0.3&#8243; width=&#8221;1\/2&#8243; tablet_width_inherit=&#8221;default&#8221; tablet_text_alignment=&#8221;default&#8221; phone_text_alignment=&#8221;default&#8221; bg_image_animation=&#8221;none&#8221; border_type=&#8221;simple&#8221; column_border_width=&#8221;none&#8221; column_border_style=&#8221;solid&#8221;][image_with_animation image_url=&#8221;337&#8243; animation=&#8221;Fade In From Right&#8221; hover_animation=&#8221;none&#8221; alignment=&#8221;center&#8221; border_radius=&#8221;none&#8221; box_shadow=&#8221;none&#8221; image_loading=&#8221;default&#8221; max_width=&#8221;100%&#8221; max_width_mobile=&#8221;default&#8221; delay=&#8221;500&#8243;][\/vc_column][\/vc_row][vc_row type=&#8221;in_container&#8221; full_screen_row_position=&#8221;middle&#8221; column_margin=&#8221;default&#8221; column_direction=&#8221;default&#8221; column_direction_tablet=&#8221;default&#8221; column_direction_phone=&#8221;default&#8221; scene_position=&#8221;center&#8221; top_padding=&#8221;20&#8243; text_color=&#8221;dark&#8221; text_align=&#8221;left&#8221; row_border_radius=&#8221;none&#8221; row_border_radius_applies=&#8221;bg&#8221; overlay_strength=&#8221;0.3&#8243; gradient_direction=&#8221;left_to_right&#8221; shape_divider_position=&#8221;bottom&#8221; bg_image_animation=&#8221;none&#8221;][vc_column column_padding=&#8221;padding-3-percent&#8221; column_padding_tablet=&#8221;inherit&#8221; column_padding_phone=&#8221;inherit&#8221; column_padding_position=&#8221;all&#8221; column_element_spacing=&#8221;default&#8221; background_color_opacity=&#8221;1&#8243; background_hover_color_opacity=&#8221;1&#8243; column_shadow=&#8221;none&#8221; column_border_radius=&#8221;none&#8221; column_link_target=&#8221;_self&#8221; gradient_direction=&#8221;left_to_right&#8221; overlay_strength=&#8221;0.3&#8243; width=&#8221;1\/2&#8243; tablet_width_inherit=&#8221;default&#8221; tablet_text_alignment=&#8221;default&#8221; phone_text_alignment=&#8221;default&#8221; bg_image_animation=&#8221;none&#8221; border_type=&#8221;simple&#8221; column_border_width=&#8221;none&#8221; column_border_style=&#8221;solid&#8221;][vc_column_text]\n<h3 style=\"text-align: left;\">S\u00falypontok<strong><br \/>\n<\/strong><\/h3>\n[\/vc_column_text][divider line_type=&#8221;Small Line&#8221; line_alignment=&#8221;default&#8221; line_thickness=&#8221;1&#8243; divider_color=&#8221;default&#8221; custom_height=&#8221;35&#8243;]<div class=\"nectar-fancy-ul\" data-list-icon=\"fa fa-stop\" data-animation=\"true\" data-animation-delay=\"0\" data-color=\"accent-color\" data-spacing=\"default\" data-alignment=\"left\"> \n<ul>\n<li>Elektrotechnikai berendez\u00e9sek \u00e9s k\u00e9sz\u00fcl\u00e9kek tervez\u00e9se;<\/li>\n<li>V\u00e1zlattervek \u00e9s gy\u00e1rt\u00e1stervez\u00e9s, szerel\u00e9si-, gy\u00e1ri- \u00e9s megval\u00f3sul\u00e1si tervek;<\/li>\n<li>Kapcsol\u00e1si rajzok, eloszt\u00f3-\u00a0\u00e9s kapcsol\u00f3szekr\u00e9ny-tervek<br \/>\naz install\u00e1ci\u00f3- \u00e9s automatiz\u00e1l\u00e1stechnik\u00e1ban;<\/li>\n<li>Sorkapocstervek, k\u00e1bel-, terepi\u00a0k\u00e9sz\u00fcl\u00e9k- \u00e9s anyaglist\u00e1k;<\/li>\n<li>IT-berendez\u00e9sek, telefonk\u00f6zpontok \u00e9s h\u00e1l\u00f3zat\u00e1ttekint\u00e9sek;<\/li>\n<li>Energiaeloszt\u00e1s tervez\u00e9se a k\u00f6z\u00e9pfesz\u00fclts\u00e9g \u00e9s a kisfesz\u00fclts\u00e9g ter\u00fclet\u00e9n;<\/li>\n<li>Megl\u00e9v\u0151 dokument\u00e1ci\u00f3 fel\u00fclvizsg\u00e1lati terveinek elk\u00e9sz\u00edt\u00e9se a karbantart\u00e1shoz;<\/li>\n<\/ul>\n <\/div>[\/vc_column][vc_column column_padding=&#8221;padding-3-percent&#8221; column_padding_tablet=&#8221;inherit&#8221; column_padding_phone=&#8221;inherit&#8221; column_padding_position=&#8221;all&#8221; column_element_spacing=&#8221;default&#8221; background_color_opacity=&#8221;1&#8243; background_hover_color_opacity=&#8221;1&#8243; column_shadow=&#8221;none&#8221; column_border_radius=&#8221;none&#8221; column_link_target=&#8221;_self&#8221; gradient_direction=&#8221;left_to_right&#8221; overlay_strength=&#8221;0.3&#8243; width=&#8221;1\/2&#8243; tablet_width_inherit=&#8221;default&#8221; tablet_text_alignment=&#8221;default&#8221; phone_text_alignment=&#8221;default&#8221; bg_image_animation=&#8221;none&#8221; border_type=&#8221;simple&#8221; column_border_width=&#8221;none&#8221; column_border_style=&#8221;solid&#8221;][vc_column_text]\n<h3 style=\"text-align: left;\">M\u0171szaki jellemz\u0151k<strong><br \/>\n<\/strong><\/h3>\n[\/vc_column_text][divider line_type=&#8221;Small Line&#8221; line_alignment=&#8221;default&#8221; line_thickness=&#8221;1&#8243; divider_color=&#8221;default&#8221; custom_height=&#8221;35&#8243;]<div class=\"nectar-fancy-ul\" data-list-icon=\"fa fa-stop\" data-animation=\"true\" data-animation-delay=\"0\" data-color=\"accent-color\" data-spacing=\"default\" data-alignment=\"left\"> \n<ul>\n<li>DIN EN 81346 \/ 61346 szabv\u00e1nyoknak megfelel\u0151 szimb\u00f3lumok<\/li>\n<li>VDE-nek megfelel\u0151\u00a0szimb\u00f3lumok\u00a0a villanyszerel\u00e9shez<\/li>\n<li>Szekr\u00e9ny\u00e9p\u00edt\u00e9si tervek k\u00e9sz\u00edt\u00e9se\u00a0a projektadatbank alkatr\u00e9szeivel<\/li>\n<li>M\u00e1gneskapcsol\u00f3k, PLC-modulok, sorkapcsok,<br \/>\nk\u00e1belek \u00e9s k\u00fcl\u00f6nb\u00f6z\u0151 gy\u00e1rt\u00f3k alkatr\u00e9szadatainak automatikus kezel\u00e9se<\/li>\n<li>Fel\u00fcgyeleti funkci\u00f3k az \u00e1ram\u00fatterv\u00a0k\u00e9sz\u00edt\u00e9s\u00e9n\u00e9l<\/li>\n<li>Technol\u00f3gi\u00e1kat \u00e1tfog\u00f3 funkci\u00f3k<\/li>\n<li>Az \u00f6sszes tervez\u00e9si adat export\u00e1lhat\u00f3\u00a0az automatiz\u00e1lt gy\u00e1rt\u00e1shoz<br \/>\n\u00e9s az ERP-rendszerekben val\u00f3 tov\u00e1bbi feldolgoz\u00e1shoz<\/li>\n<li>Intelligens PDF-export<\/li>\n<li>DWG\/DXF vagy\u00a0PDF f\u00e1jlok import\u00e1l\u00e1sa<\/li>\n<li>Idegen nyelv\u0171 sz\u00f6vegek ford\u00edt\u00e1sa<\/li>\n<\/ul>\n <\/div>[\/vc_column][\/vc_row][vc_row type=&#8221;in_container&#8221; full_screen_row_position=&#8221;middle&#8221; column_margin=&#8221;default&#8221; column_direction=&#8221;default&#8221; column_direction_tablet=&#8221;default&#8221; column_direction_phone=&#8221;default&#8221; scene_position=&#8221;center&#8221; text_color=&#8221;dark&#8221; text_align=&#8221;left&#8221; row_border_radius=&#8221;none&#8221; row_border_radius_applies=&#8221;bg&#8221; id=&#8221;EE&#8221; overlay_strength=&#8221;0.3&#8243; gradient_direction=&#8221;left_to_right&#8221; shape_divider_position=&#8221;bottom&#8221; bg_image_animation=&#8221;none&#8221; shape_type=&#8221;&#8221;][vc_column column_padding=&#8221;no-extra-padding&#8221; column_padding_tablet=&#8221;inherit&#8221; column_padding_phone=&#8221;inherit&#8221; column_padding_position=&#8221;all&#8221; column_element_spacing=&#8221;default&#8221; background_color_opacity=&#8221;1&#8243; background_hover_color_opacity=&#8221;1&#8243; column_shadow=&#8221;none&#8221; column_border_radius=&#8221;none&#8221; column_link_target=&#8221;_self&#8221; gradient_direction=&#8221;left_to_right&#8221; overlay_strength=&#8221;0.3&#8243; width=&#8221;1\/1&#8243; tablet_width_inherit=&#8221;default&#8221; tablet_text_alignment=&#8221;default&#8221; phone_text_alignment=&#8221;default&#8221; bg_image_animation=&#8221;none&#8221; border_type=&#8221;simple&#8221; column_border_width=&#8221;none&#8221; column_border_style=&#8221;solid&#8221;][nectar_global_section id=&#8221;114564&#8243;][\/vc_column][\/vc_row]\n","protected":false},"excerpt":{"rendered":"<p>[vc_row type=&#8221;full_width_content&#8221; full_screen_row_position=&#8221;middle&#8221; column_margin=&#8221;default&#8221; column_direction=&#8221;default&#8221; column_direction_tablet=&#8221;default&#8221; column_direction_phone=&#8221;default&#8221; scene_position=&#8221;center&#8221; text_color=&#8221;dark&#8221; text_align=&#8221;left&#8221; row_border_radius=&#8221;none&#8221; row_border_radius_applies=&#8221;bg&#8221; overlay_strength=&#8221;0.3&#8243; gradient_direction=&#8221;left_to_right&#8221; shape_divider_position=&#8221;bottom&#8221; bg_image_animation=&#8221;none&#8221;][vc_column column_padding=&#8221;no-extra-padding&#8221; column_padding_tablet=&#8221;inherit&#8221; column_padding_phone=&#8221;inherit&#8221; column_padding_position=&#8221;all&#8221; column_element_spacing=&#8221;default&#8221; background_color_opacity=&#8221;1&#8243; background_hover_color_opacity=&#8221;1&#8243; column_shadow=&#8221;none&#8221; column_border_radius=&#8221;none&#8221; column_link_target=&#8221;_self&#8221; gradient_direction=&#8221;left_to_right&#8221; overlay_strength=&#8221;0.3&#8243; width=&#8221;1\/1&#8243; tablet_width_inherit=&#8221;default&#8221; tablet_text_alignment=&#8221;default&#8221; phone_text_alignment=&#8221;default&#8221; bg_image_animation=&#8221;none&#8221; border_type=&#8221;simple&#8221; column_border_width=&#8221;none&#8221; column_border_style=&#8221;solid&#8221;][nectar_image_comparison image_url=&#8221;6348&#8243; image_2_url=&#8221;6349&#8243;][\/vc_column][\/vc_row][vc_row type=&#8221;in_container&#8221; full_screen_row_position=&#8221;middle&#8221;&#8230;<\/p>\n","protected":false},"author":48,"featured_media":0,"parent":0,"menu_order":0,"comment_status":"closed","ping_status":"closed","template":"","meta":{"content-type":"","inline_featured_image":false,"footnotes":""},"class_list":["post-12131","page","type-page","status-publish"],"yoast_head":"<!-- This site is optimized with the Yoast SEO plugin v27.1.1 - https:\/\/yoast.com\/product\/yoast-seo-wordpress\/ -->\n<title>Electrical Engineering \u2013 Elektrotechnika | WSCAD GmbH<\/title>\n<meta name=\"description\" content=\"Az elektrotechnikai technol\u00f3gi\u00e1val a m\u00e9rn\u00f6k\u00f6k \u00e9s tervez\u0151k k\u00f6z\u00e9p- \u00e9s kisfesz\u00fclts\u00e9g\u0171 berendez\u00e9seket terveznek, fejlesztenek \u00e9s dokument\u00e1lnak a g\u00e9p- \u00e9s berendez\u00e9sgy\u00e1rt\u00e1s, valamint az ipari- \u00e9s \u00e9p\u00fclettechnika ter\u00fclet\u00e9n.\" \/>\n<meta name=\"robots\" content=\"index, follow, max-snippet:-1, max-image-preview:large, max-video-preview:-1\" \/>\n<link rel=\"canonical\" href=\"https:\/\/www.wscad.com\/hu\/electrical-engineering\/\" \/>\n<meta property=\"og:locale\" content=\"hu_HU\" \/>\n<meta property=\"og:type\" content=\"article\" \/>\n<meta property=\"og:title\" content=\"Electrical Engineering \u2013 Elektrotechnika | WSCAD GmbH\" \/>\n<meta property=\"og:description\" content=\"Az elektrotechnikai technol\u00f3gi\u00e1val a m\u00e9rn\u00f6k\u00f6k \u00e9s tervez\u0151k k\u00f6z\u00e9p- \u00e9s kisfesz\u00fclts\u00e9g\u0171 berendez\u00e9seket terveznek, fejlesztenek \u00e9s dokument\u00e1lnak a g\u00e9p- \u00e9s berendez\u00e9sgy\u00e1rt\u00e1s, valamint az ipari- \u00e9s \u00e9p\u00fclettechnika ter\u00fclet\u00e9n.\" \/>\n<meta property=\"og:url\" content=\"https:\/\/www.wscad.com\/hu\/electrical-engineering\/\" \/>\n<meta property=\"og:site_name\" content=\"WSCAD GmbH\" \/>\n<meta property=\"article:modified_time\" content=\"2022-11-24T13:47:06+00:00\" \/>\n<meta property=\"og:image\" content=\"https:\/\/www.wscad.com\/wp-content\/uploads\/2021\/01\/WSCAD_default_preview_image.jpg\" \/>\n\t<meta property=\"og:image:width\" content=\"1024\" \/>\n\t<meta property=\"og:image:height\" content=\"768\" \/>\n\t<meta property=\"og:image:type\" content=\"image\/jpeg\" \/>\n<meta name=\"twitter:card\" content=\"summary_large_image\" \/>\n<meta name=\"twitter:site\" content=\"@wscad\" \/>\n<meta name=\"twitter:label1\" content=\"Becs\u00fclt olvas\u00e1si id\u0151\" \/>\n\t<meta name=\"twitter:data1\" content=\"3 perc\" \/>\n<script type=\"application\/ld+json\" class=\"yoast-schema-graph\">{\"@context\":\"https:\/\/schema.org\",\"@graph\":[{\"@type\":\"TechArticle\",\"@id\":\"https:\/\/www.wscad.com\/hu\/electrical-engineering\/#article\",\"isPartOf\":{\"@id\":\"https:\/\/www.wscad.com\/hu\/electrical-engineering\/\"},\"author\":{\"name\":\"Alex Vell\",\"@id\":\"https:\/\/www.wscad.com\/hu\/#\/schema\/person\/062e798bd850a5d12170c1e8ae712a0f\"},\"headline\":\"Electrical Engineering \u2013 Elektrotechnika\",\"datePublished\":\"2017-01-18T11:07:05+00:00\",\"dateModified\":\"2022-11-24T13:47:06+00:00\",\"mainEntityOfPage\":{\"@id\":\"https:\/\/www.wscad.com\/hu\/electrical-engineering\/\"},\"wordCount\":1390,\"publisher\":{\"@id\":\"https:\/\/www.wscad.com\/hu\/#organization\"},\"inLanguage\":\"hu\"},{\"@type\":\"WebPage\",\"@id\":\"https:\/\/www.wscad.com\/hu\/electrical-engineering\/\",\"url\":\"https:\/\/www.wscad.com\/hu\/electrical-engineering\/\",\"name\":\"Electrical Engineering \u2013 Elektrotechnika | WSCAD GmbH\",\"isPartOf\":{\"@id\":\"https:\/\/www.wscad.com\/hu\/#website\"},\"datePublished\":\"2017-01-18T11:07:05+00:00\",\"dateModified\":\"2022-11-24T13:47:06+00:00\",\"description\":\"Az elektrotechnikai technol\u00f3gi\u00e1val a m\u00e9rn\u00f6k\u00f6k \u00e9s tervez\u0151k k\u00f6z\u00e9p- \u00e9s kisfesz\u00fclts\u00e9g\u0171 berendez\u00e9seket terveznek, fejlesztenek \u00e9s dokument\u00e1lnak a g\u00e9p- \u00e9s berendez\u00e9sgy\u00e1rt\u00e1s, valamint az ipari- \u00e9s \u00e9p\u00fclettechnika ter\u00fclet\u00e9n.\",\"inLanguage\":\"hu\",\"potentialAction\":[{\"@type\":\"ReadAction\",\"target\":[\"https:\/\/www.wscad.com\/hu\/electrical-engineering\/\"]}]},{\"@type\":\"WebSite\",\"@id\":\"https:\/\/www.wscad.com\/hu\/#website\",\"url\":\"https:\/\/www.wscad.com\/hu\/\",\"name\":\"WSCAD GmbH\",\"description\":\"The only AI-powered electrical CAD\",\"publisher\":{\"@id\":\"https:\/\/www.wscad.com\/hu\/#organization\"},\"alternateName\":\"Electrical CAD Software\",\"potentialAction\":[{\"@type\":\"SearchAction\",\"target\":{\"@type\":\"EntryPoint\",\"urlTemplate\":\"https:\/\/www.wscad.com\/hu\/?s={search_term_string}\"},\"query-input\":{\"@type\":\"PropertyValueSpecification\",\"valueRequired\":true,\"valueName\":\"search_term_string\"}}],\"inLanguage\":\"hu\"},{\"@type\":\"Organization\",\"@id\":\"https:\/\/www.wscad.com\/hu\/#organization\",\"name\":\"WSCAD GmbH\",\"alternateName\":\"ELECTRIX\",\"url\":\"https:\/\/www.wscad.com\/hu\/\",\"logo\":{\"@type\":\"ImageObject\",\"inLanguage\":\"hu\",\"@id\":\"https:\/\/www.wscad.com\/hu\/#\/schema\/logo\/image\/\",\"url\":\"https:\/\/www.wscad.com\/wp-content\/uploads\/2024\/10\/WSCAD-Logo-4c_Positive-Blue-RGB_frameless.png\",\"contentUrl\":\"https:\/\/www.wscad.com\/wp-content\/uploads\/2024\/10\/WSCAD-Logo-4c_Positive-Blue-RGB_frameless.png\",\"width\":2000,\"height\":392,\"caption\":\"WSCAD GmbH\"},\"image\":{\"@id\":\"https:\/\/www.wscad.com\/hu\/#\/schema\/logo\/image\/\"},\"sameAs\":[\"https:\/\/x.com\/wscad\",\"https:\/\/www.instagram.com\/wscad_gmbh\",\"https:\/\/www.linkedin.com\/company\/wscad\/\",\"https:\/\/www.youtube.com\/c\/WSCADGmbH\"]},{\"@type\":\"Person\",\"@id\":\"https:\/\/www.wscad.com\/hu\/#\/schema\/person\/062e798bd850a5d12170c1e8ae712a0f\",\"name\":\"Alex Vell\"}]}<\/script>\n<!-- \/ Yoast SEO plugin. -->","yoast_head_json":{"title":"Electrical Engineering \u2013 Elektrotechnika | WSCAD GmbH","description":"Az elektrotechnikai technol\u00f3gi\u00e1val a m\u00e9rn\u00f6k\u00f6k \u00e9s tervez\u0151k k\u00f6z\u00e9p- \u00e9s kisfesz\u00fclts\u00e9g\u0171 berendez\u00e9seket terveznek, fejlesztenek \u00e9s dokument\u00e1lnak a g\u00e9p- \u00e9s berendez\u00e9sgy\u00e1rt\u00e1s, valamint az ipari- \u00e9s \u00e9p\u00fclettechnika ter\u00fclet\u00e9n.","robots":{"index":"index","follow":"follow","max-snippet":"max-snippet:-1","max-image-preview":"max-image-preview:large","max-video-preview":"max-video-preview:-1"},"canonical":"https:\/\/www.wscad.com\/hu\/electrical-engineering\/","og_locale":"hu_HU","og_type":"article","og_title":"Electrical Engineering \u2013 Elektrotechnika | WSCAD GmbH","og_description":"Az elektrotechnikai technol\u00f3gi\u00e1val a m\u00e9rn\u00f6k\u00f6k \u00e9s tervez\u0151k k\u00f6z\u00e9p- \u00e9s kisfesz\u00fclts\u00e9g\u0171 berendez\u00e9seket terveznek, fejlesztenek \u00e9s dokument\u00e1lnak a g\u00e9p- \u00e9s berendez\u00e9sgy\u00e1rt\u00e1s, valamint az ipari- \u00e9s \u00e9p\u00fclettechnika ter\u00fclet\u00e9n.","og_url":"https:\/\/www.wscad.com\/hu\/electrical-engineering\/","og_site_name":"WSCAD GmbH","article_modified_time":"2022-11-24T13:47:06+00:00","og_image":[{"width":1024,"height":768,"url":"https:\/\/www.wscad.com\/wp-content\/uploads\/2021\/01\/WSCAD_default_preview_image.jpg","type":"image\/jpeg"}],"twitter_card":"summary_large_image","twitter_site":"@wscad","twitter_misc":{"Becs\u00fclt olvas\u00e1si id\u0151":"3 perc"},"schema":{"@context":"https:\/\/schema.org","@graph":[{"@type":"TechArticle","@id":"https:\/\/www.wscad.com\/hu\/electrical-engineering\/#article","isPartOf":{"@id":"https:\/\/www.wscad.com\/hu\/electrical-engineering\/"},"author":{"name":"Alex Vell","@id":"https:\/\/www.wscad.com\/hu\/#\/schema\/person\/062e798bd850a5d12170c1e8ae712a0f"},"headline":"Electrical Engineering \u2013 Elektrotechnika","datePublished":"2017-01-18T11:07:05+00:00","dateModified":"2022-11-24T13:47:06+00:00","mainEntityOfPage":{"@id":"https:\/\/www.wscad.com\/hu\/electrical-engineering\/"},"wordCount":1390,"publisher":{"@id":"https:\/\/www.wscad.com\/hu\/#organization"},"inLanguage":"hu"},{"@type":"WebPage","@id":"https:\/\/www.wscad.com\/hu\/electrical-engineering\/","url":"https:\/\/www.wscad.com\/hu\/electrical-engineering\/","name":"Electrical Engineering \u2013 Elektrotechnika | WSCAD GmbH","isPartOf":{"@id":"https:\/\/www.wscad.com\/hu\/#website"},"datePublished":"2017-01-18T11:07:05+00:00","dateModified":"2022-11-24T13:47:06+00:00","description":"Az elektrotechnikai technol\u00f3gi\u00e1val a m\u00e9rn\u00f6k\u00f6k \u00e9s tervez\u0151k k\u00f6z\u00e9p- \u00e9s kisfesz\u00fclts\u00e9g\u0171 berendez\u00e9seket terveznek, fejlesztenek \u00e9s dokument\u00e1lnak a g\u00e9p- \u00e9s berendez\u00e9sgy\u00e1rt\u00e1s, valamint az ipari- \u00e9s \u00e9p\u00fclettechnika ter\u00fclet\u00e9n.","inLanguage":"hu","potentialAction":[{"@type":"ReadAction","target":["https:\/\/www.wscad.com\/hu\/electrical-engineering\/"]}]},{"@type":"WebSite","@id":"https:\/\/www.wscad.com\/hu\/#website","url":"https:\/\/www.wscad.com\/hu\/","name":"WSCAD GmbH","description":"The only AI-powered electrical CAD","publisher":{"@id":"https:\/\/www.wscad.com\/hu\/#organization"},"alternateName":"Electrical CAD Software","potentialAction":[{"@type":"SearchAction","target":{"@type":"EntryPoint","urlTemplate":"https:\/\/www.wscad.com\/hu\/?s={search_term_string}"},"query-input":{"@type":"PropertyValueSpecification","valueRequired":true,"valueName":"search_term_string"}}],"inLanguage":"hu"},{"@type":"Organization","@id":"https:\/\/www.wscad.com\/hu\/#organization","name":"WSCAD GmbH","alternateName":"ELECTRIX","url":"https:\/\/www.wscad.com\/hu\/","logo":{"@type":"ImageObject","inLanguage":"hu","@id":"https:\/\/www.wscad.com\/hu\/#\/schema\/logo\/image\/","url":"https:\/\/www.wscad.com\/wp-content\/uploads\/2024\/10\/WSCAD-Logo-4c_Positive-Blue-RGB_frameless.png","contentUrl":"https:\/\/www.wscad.com\/wp-content\/uploads\/2024\/10\/WSCAD-Logo-4c_Positive-Blue-RGB_frameless.png","width":2000,"height":392,"caption":"WSCAD GmbH"},"image":{"@id":"https:\/\/www.wscad.com\/hu\/#\/schema\/logo\/image\/"},"sameAs":["https:\/\/x.com\/wscad","https:\/\/www.instagram.com\/wscad_gmbh","https:\/\/www.linkedin.com\/company\/wscad\/","https:\/\/www.youtube.com\/c\/WSCADGmbH"]},{"@type":"Person","@id":"https:\/\/www.wscad.com\/hu\/#\/schema\/person\/062e798bd850a5d12170c1e8ae712a0f","name":"Alex Vell"}]}},"publishpress_future_workflow_manual_trigger":{"enabledWorkflows":[]},"_links":{"self":[{"href":"https:\/\/www.wscad.com\/hu\/wp-json\/wp\/v2\/pages\/12131","targetHints":{"allow":["GET"]}}],"collection":[{"href":"https:\/\/www.wscad.com\/hu\/wp-json\/wp\/v2\/pages"}],"about":[{"href":"https:\/\/www.wscad.com\/hu\/wp-json\/wp\/v2\/types\/page"}],"author":[{"embeddable":true,"href":"https:\/\/www.wscad.com\/hu\/wp-json\/wp\/v2\/users\/48"}],"replies":[{"embeddable":true,"href":"https:\/\/www.wscad.com\/hu\/wp-json\/wp\/v2\/comments?post=12131"}],"version-history":[{"count":0,"href":"https:\/\/www.wscad.com\/hu\/wp-json\/wp\/v2\/pages\/12131\/revisions"}],"wp:attachment":[{"href":"https:\/\/www.wscad.com\/hu\/wp-json\/wp\/v2\/media?parent=12131"}],"curies":[{"name":"wp","href":"https:\/\/api.w.org\/{rel}","templated":true}]}}