{"id":12102,"date":"2017-01-18T11:11:15","date_gmt":"2017-01-18T10:11:15","guid":{"rendered":"http:\/\/52.57.120.185\/?page_id=12102\/"},"modified":"2022-11-24T14:48:41","modified_gmt":"2022-11-24T13:48:41","slug":"piping-instrumentation","status":"publish","type":"page","link":"https:\/\/www.wscad.com\/hu\/piping-instrumentation\/","title":{"rendered":"Piping &#038; Instrumentation \u2013 Cs\u0151vezet\u00e9kez\u00e9s \u00e9s m\u0171szerez\u00e9s"},"content":{"rendered":"[vc_row type=&#8221;full_width_content&#8221; full_screen_row_position=&#8221;middle&#8221; column_margin=&#8221;default&#8221; column_direction=&#8221;default&#8221; column_direction_tablet=&#8221;default&#8221; column_direction_phone=&#8221;default&#8221; scene_position=&#8221;center&#8221; text_color=&#8221;dark&#8221; text_align=&#8221;left&#8221; row_border_radius=&#8221;none&#8221; row_border_radius_applies=&#8221;bg&#8221; overlay_strength=&#8221;0.3&#8243; gradient_direction=&#8221;left_to_right&#8221; shape_divider_position=&#8221;bottom&#8221; bg_image_animation=&#8221;none&#8221;][vc_column column_padding=&#8221;no-extra-padding&#8221; column_padding_tablet=&#8221;inherit&#8221; column_padding_phone=&#8221;inherit&#8221; column_padding_position=&#8221;all&#8221; column_element_spacing=&#8221;default&#8221; background_color_opacity=&#8221;1&#8243; background_hover_color_opacity=&#8221;1&#8243; column_shadow=&#8221;none&#8221; column_border_radius=&#8221;none&#8221; column_link_target=&#8221;_self&#8221; gradient_direction=&#8221;left_to_right&#8221; overlay_strength=&#8221;0.3&#8243; width=&#8221;1\/1&#8243; tablet_width_inherit=&#8221;default&#8221; tablet_text_alignment=&#8221;default&#8221; phone_text_alignment=&#8221;default&#8221; bg_image_animation=&#8221;none&#8221; border_type=&#8221;simple&#8221; column_border_width=&#8221;none&#8221; column_border_style=&#8221;solid&#8221;][nectar_image_comparison image_url=&#8221;7167&#8243; image_2_url=&#8221;7164&#8243;][\/vc_column][\/vc_row][vc_row type=&#8221;in_container&#8221; full_screen_row_position=&#8221;middle&#8221; column_margin=&#8221;default&#8221; column_direction=&#8221;default&#8221; column_direction_tablet=&#8221;default&#8221; column_direction_phone=&#8221;default&#8221; scene_position=&#8221;center&#8221; top_padding=&#8221;150&#8243; text_color=&#8221;dark&#8221; text_align=&#8221;left&#8221; row_border_radius=&#8221;none&#8221; row_border_radius_applies=&#8221;bg&#8221; overlay_strength=&#8221;0.3&#8243; gradient_direction=&#8221;left_to_right&#8221; shape_divider_position=&#8221;bottom&#8221; bg_image_animation=&#8221;none&#8221;][vc_column column_padding=&#8221;padding-3-percent&#8221; column_padding_tablet=&#8221;inherit&#8221; column_padding_phone=&#8221;inherit&#8221; column_padding_position=&#8221;all&#8221; column_element_spacing=&#8221;default&#8221; background_color_opacity=&#8221;1&#8243; background_hover_color_opacity=&#8221;1&#8243; column_shadow=&#8221;none&#8221; column_border_radius=&#8221;none&#8221; column_link_target=&#8221;_self&#8221; gradient_direction=&#8221;left_to_right&#8221; overlay_strength=&#8221;0.3&#8243; width=&#8221;1\/2&#8243; tablet_width_inherit=&#8221;default&#8221; tablet_text_alignment=&#8221;default&#8221; phone_text_alignment=&#8221;default&#8221; bg_image_animation=&#8221;none&#8221; border_type=&#8221;simple&#8221; column_border_width=&#8221;none&#8221; column_border_style=&#8221;solid&#8221;][vc_row_inner equal_height=&#8221;yes&#8221; content_placement=&#8221;middle&#8221; column_margin=&#8221;default&#8221; column_direction=&#8221;default&#8221; column_direction_tablet=&#8221;default&#8221; column_direction_phone=&#8221;default&#8221; text_align=&#8221;left&#8221;][vc_column_inner column_padding=&#8221;no-extra-padding&#8221; column_padding_tablet=&#8221;inherit&#8221; column_padding_phone=&#8221;inherit&#8221; column_padding_position=&#8221;all&#8221; column_element_spacing=&#8221;default&#8221; background_color_opacity=&#8221;1&#8243; background_hover_color_opacity=&#8221;1&#8243; column_shadow=&#8221;none&#8221; column_border_radius=&#8221;none&#8221; column_link_target=&#8221;_self&#8221; gradient_direction=&#8221;left_to_right&#8221; overlay_strength=&#8221;0.3&#8243; width=&#8221;1\/6&#8243; tablet_width_inherit=&#8221;default&#8221; bg_image_animation=&#8221;none&#8221; border_type=&#8221;simple&#8221; column_border_width=&#8221;none&#8221; column_border_style=&#8221;solid&#8221;][image_with_animation image_url=&#8221;6049&#8243; animation=&#8221;Grow In&#8221; hover_animation=&#8221;none&#8221; alignment=&#8221;center&#8221; border_radius=&#8221;none&#8221; box_shadow=&#8221;none&#8221; image_loading=&#8221;default&#8221; max_width=&#8221;100%&#8221; max_width_mobile=&#8221;default&#8221; delay=&#8221;50&#8243;][\/vc_column_inner][vc_column_inner column_padding=&#8221;no-extra-padding&#8221; column_padding_tablet=&#8221;inherit&#8221; column_padding_phone=&#8221;inherit&#8221; column_padding_position=&#8221;all&#8221; column_element_spacing=&#8221;default&#8221; background_color_opacity=&#8221;1&#8243; background_hover_color_opacity=&#8221;1&#8243; column_shadow=&#8221;none&#8221; column_border_radius=&#8221;none&#8221; column_link_target=&#8221;_self&#8221; gradient_direction=&#8221;left_to_right&#8221; overlay_strength=&#8221;0.3&#8243; width=&#8221;5\/6&#8243; tablet_width_inherit=&#8221;default&#8221; bg_image_animation=&#8221;none&#8221; border_type=&#8221;simple&#8221; column_border_width=&#8221;none&#8221; column_border_style=&#8221;solid&#8221;][vc_column_text]\n<h2 style=\"text-align: left;\">Piping &amp; Instrumentation<\/h2>\n[\/vc_column_text][\/vc_column_inner][\/vc_row_inner][divider line_type=&#8221;Small Line&#8221; line_alignment=&#8221;default&#8221; line_thickness=&#8221;1&#8243; divider_color=&#8221;default&#8221; custom_height=&#8221;35&#8243;][vc_column_text]A P&amp;ID (Piping &amp; Instrumentation Diagrams) technol\u00f3gi\u00e1val elj\u00e1r\u00e1stechnikusok \u00e9s tervez\u0151k k\u00e9sz\u00edtenek cs\u0151vezet\u00e9k- \u00e9s m\u0171szer-folyamat\u00e1br\u00e1kat. A m\u00e9r\u0151helyek \u00e9s k\u00e9sz\u00fcl\u00e9kek \u00e1ram\u00fattervekkel \u00e9s egy\u00e9b technol\u00f3gi\u00e1k terveivel val\u00f3 intelligens \u00f6sszekapcsol\u00e1s\u00e1nak k\u00f6sz\u00f6nhet\u0151en azok egy\u00fcttm\u0171k\u00f6d\u00e9se logikailag \u00e1br\u00e1zolhat\u00f3 \u00e9s ellen\u0151rizhet\u0151. DXF- vagy DWG-form\u00e1tum\u00fa terveket be lehet olvasni, intelligenci\u00e1val ell\u00e1tni \u00e9s &#8222;\u00e9letre kelteni&#8221;. A m\u00e9r\u0151helyek egy\u00e9rtelm\u0171 \u00e9s folyamatos sz\u00e1moz\u00e1sa lehet\u0151v\u00e9 teszi a hib\u00e1k gyors lokaliz\u00e1l\u00e1s\u00e1t \u00e9s elh\u00e1r\u00edt\u00e1s\u00e1t a berendez\u00e9sekben. A m\u00e9r\u0151helysz\u00e1mok k\u00e9sz\u00fcl\u00e9kekkel t\u00f6rt\u00e9n\u0151 \u00f6sszekapcsol\u00e1sa lehet\u0151v\u00e9 teszi a m\u00e9r\u0151helyc\u00edmk\u00e9k \u00e9s -list\u00e1k ki\u00e9rt\u00e9kel\u00e9s\u00e9t.<\/p>\n<p>Az\u00e1ltal, hogy egy k\u00f6zponti adatb\u00e1zisb\u00f3l technol\u00f3gi\u00e1kon \u00e1t\u00edvel\u0151en \u00e9s egys\u00e9gesen haszn\u00e1lunk szimb\u00f3lumokat, a folyamat\u00e1br\u00e1ban elhelyezett h\u0151m\u00e9rs\u00e9klet- vagy t\u00f6lt\u00f6tts\u00e9gi szint jelz\u0151 p\u00e9ld\u00e1ul k\u00f6zvetlen\u00fcl tov\u00e1bb haszn\u00e1lhat\u00f3 az \u00e1ram\u00fattervekben is. A v\u00e1ltoz\u00e1sok automatikusan \u00e9rv\u00e9nyes\u00fclnek az \u00f6sszes technol\u00f3gi\u00e1ban. Ezzel n\u0151 az \u00e1tl\u00e1that\u00f3s\u00e1g, elker\u00fclhet\u0151k a hib\u00e1k \u00e9s nagy id\u0151nyeres\u00e9g j\u00f6n l\u00e9tre.[\/vc_column_text][divider line_type=&#8221;No Line&#8221; custom_height=&#8221;30&#8243;][vc_column_text]<a class=\"nectar-button n-sc-button small see-through-2 has-icon\"  href=\"\/hu\/demo\/\" data-color-override=\"#000000\"  data-hover-color-override=\"#000000\" data-hover-text-color-override=\"#fff\"><span>Dem\u00f3 verzi\u00f3 tesztel\u00e9se<\/span><i class=\"fa fa-download\"><\/i><\/a>[\/vc_column_text][\/vc_column][vc_column column_padding=&#8221;padding-3-percent&#8221; column_padding_tablet=&#8221;inherit&#8221; column_padding_phone=&#8221;inherit&#8221; column_padding_position=&#8221;all&#8221; column_element_spacing=&#8221;default&#8221; background_color_opacity=&#8221;1&#8243; background_hover_color_opacity=&#8221;1&#8243; column_shadow=&#8221;none&#8221; column_border_radius=&#8221;none&#8221; column_link_target=&#8221;_self&#8221; gradient_direction=&#8221;left_to_right&#8221; overlay_strength=&#8221;0.3&#8243; width=&#8221;1\/2&#8243; tablet_width_inherit=&#8221;default&#8221; tablet_text_alignment=&#8221;default&#8221; phone_text_alignment=&#8221;default&#8221; bg_image_animation=&#8221;none&#8221; border_type=&#8221;simple&#8221; column_border_width=&#8221;none&#8221; column_border_style=&#8221;solid&#8221;][image_with_animation image_url=&#8221;337&#8243; animation=&#8221;Fade In From Right&#8221; hover_animation=&#8221;none&#8221; alignment=&#8221;center&#8221; border_radius=&#8221;none&#8221; box_shadow=&#8221;none&#8221; image_loading=&#8221;default&#8221; max_width=&#8221;100%&#8221; max_width_mobile=&#8221;default&#8221; delay=&#8221;500&#8243;][\/vc_column][\/vc_row][vc_row type=&#8221;in_container&#8221; full_screen_row_position=&#8221;middle&#8221; column_margin=&#8221;default&#8221; column_direction=&#8221;default&#8221; column_direction_tablet=&#8221;default&#8221; column_direction_phone=&#8221;default&#8221; scene_position=&#8221;center&#8221; top_padding=&#8221;20&#8243; text_color=&#8221;dark&#8221; text_align=&#8221;left&#8221; row_border_radius=&#8221;none&#8221; row_border_radius_applies=&#8221;bg&#8221; overlay_strength=&#8221;0.3&#8243; gradient_direction=&#8221;left_to_right&#8221; shape_divider_position=&#8221;bottom&#8221; bg_image_animation=&#8221;none&#8221;][vc_column column_padding=&#8221;padding-3-percent&#8221; column_padding_tablet=&#8221;inherit&#8221; column_padding_phone=&#8221;inherit&#8221; column_padding_position=&#8221;all&#8221; column_element_spacing=&#8221;default&#8221; background_color_opacity=&#8221;1&#8243; background_hover_color_opacity=&#8221;1&#8243; column_shadow=&#8221;none&#8221; column_border_radius=&#8221;none&#8221; column_link_target=&#8221;_self&#8221; gradient_direction=&#8221;left_to_right&#8221; overlay_strength=&#8221;0.3&#8243; width=&#8221;1\/2&#8243; tablet_width_inherit=&#8221;default&#8221; tablet_text_alignment=&#8221;default&#8221; phone_text_alignment=&#8221;default&#8221; bg_image_animation=&#8221;none&#8221; border_type=&#8221;simple&#8221; column_border_width=&#8221;none&#8221; column_border_style=&#8221;solid&#8221;][vc_column_text]\n<h3 style=\"text-align: left;\">S\u00falypontok<strong><br \/>\n<\/strong><\/h3>\n[\/vc_column_text][divider line_type=&#8221;Small Line&#8221; line_alignment=&#8221;default&#8221; line_thickness=&#8221;1&#8243; divider_color=&#8221;default&#8221; custom_height=&#8221;35&#8243;]<div class=\"nectar-fancy-ul\" data-list-icon=\"fa fa-stop\" data-animation=\"true\" data-animation-delay=\"0\" data-color=\"accent-color\" data-spacing=\"default\" data-alignment=\"left\"> \n<ul>\n<li>P&amp;ID s\u00e9m\u00e1k l\u00e9trehoz\u00e1sa<\/li>\n<li>P&amp;ID m\u00e9r\u0151helyek \u00f6sszekapcsol\u00e1sa m\u00e1s technol\u00f3gi\u00e1kban szerepl\u0151 objektumokkal<\/li>\n<li>M\u00e9r\u0151helysz\u00e1mok becsatol\u00e1sa a szimb\u00f3lumokba<\/li>\n<li>M\u00e9r\u0151helysz\u00e1mok megjelen\u00edt\u00e9se a szimb\u00f3lumokban(\/-n\u00e1l)<\/li>\n<li>M\u00e9r\u0151helysz\u00e1mok importja\/exportja<\/li>\n<li>M\u00e9r\u0151helyek automatikus sz\u00e1moz\u00e1sa<\/li>\n<li>A m\u00e9r\u0151hellyel be\u00e9p\u00edtett k\u00e9sz\u00fcl\u00e9kek \u00e1ttekint\u00e9se<\/li>\n<li>Gyors navig\u00e1l\u00e1s a m\u00e9r\u0151hely komponensei k\u00f6z\u00f6tt a m\u00e9r\u0151helykezel\u00e9s seg\u00edts\u00e9g\u00e9vel<\/li>\n<li>Keres\u00e9s\/csere a m\u00e9r\u0151helykezel\u0151ben<\/li>\n<li>Rendez\u00e9s a m\u00e9r\u0151helykezel\u0151ben<\/li>\n<\/ul>\n <\/div>[\/vc_column][vc_column column_padding=&#8221;padding-3-percent&#8221; column_padding_tablet=&#8221;inherit&#8221; column_padding_phone=&#8221;inherit&#8221; column_padding_position=&#8221;all&#8221; column_element_spacing=&#8221;default&#8221; background_color_opacity=&#8221;1&#8243; background_hover_color_opacity=&#8221;1&#8243; column_shadow=&#8221;none&#8221; column_border_radius=&#8221;none&#8221; column_link_target=&#8221;_self&#8221; gradient_direction=&#8221;left_to_right&#8221; overlay_strength=&#8221;0.3&#8243; width=&#8221;1\/2&#8243; tablet_width_inherit=&#8221;default&#8221; tablet_text_alignment=&#8221;default&#8221; phone_text_alignment=&#8221;default&#8221; bg_image_animation=&#8221;none&#8221; border_type=&#8221;simple&#8221; column_border_width=&#8221;none&#8221; column_border_style=&#8221;solid&#8221;][vc_column_text]\n<h3 style=\"text-align: left;\">M\u0171szaki jellemz\u0151k<strong><br \/>\n<\/strong><\/h3>\n[\/vc_column_text][divider line_type=&#8221;Small Line&#8221; line_alignment=&#8221;default&#8221; line_thickness=&#8221;1&#8243; divider_color=&#8221;default&#8221; custom_height=&#8221;35&#8243;]<div class=\"nectar-fancy-ul\" data-list-icon=\"fa fa-stop\" data-animation=\"true\" data-animation-delay=\"0\" data-color=\"accent-color\" data-spacing=\"default\" data-alignment=\"left\"> \n<ul>\n<li>DIN 10628-1 szabv\u00e1ny szerinti szimb\u00f3lumok;<\/li>\n<li>DIN 2403 szabv\u00e1ny szerinti vonalak k\u00f6zegek jel\u00f6l\u00e9s\u00e9re;<\/li>\n<li>DXF\/DWG form\u00e1tum\u00fa m\u00e9r\u0151helyek konvert\u00e1l\u00e1sa logik\u00e1val rendelkez\u0151 elemekk\u00e9 (m\u00e9r\u0151helyekk\u00e9).<\/li>\n<\/ul>\n <\/div>[\/vc_column][\/vc_row][vc_row type=&#8221;in_container&#8221; full_screen_row_position=&#8221;middle&#8221; column_margin=&#8221;default&#8221; column_direction=&#8221;default&#8221; column_direction_tablet=&#8221;default&#8221; column_direction_phone=&#8221;default&#8221; scene_position=&#8221;center&#8221; text_color=&#8221;dark&#8221; text_align=&#8221;left&#8221; row_border_radius=&#8221;none&#8221; row_border_radius_applies=&#8221;bg&#8221; overlay_strength=&#8221;0.3&#8243; gradient_direction=&#8221;left_to_right&#8221; shape_divider_position=&#8221;bottom&#8221; bg_image_animation=&#8221;none&#8221;][vc_column column_padding=&#8221;no-extra-padding&#8221; column_padding_tablet=&#8221;inherit&#8221; column_padding_phone=&#8221;inherit&#8221; column_padding_position=&#8221;all&#8221; column_element_spacing=&#8221;default&#8221; background_color_opacity=&#8221;1&#8243; background_hover_color_opacity=&#8221;1&#8243; column_shadow=&#8221;none&#8221; column_border_radius=&#8221;none&#8221; column_link_target=&#8221;_self&#8221; gradient_direction=&#8221;left_to_right&#8221; overlay_strength=&#8221;0.3&#8243; width=&#8221;1\/1&#8243; tablet_width_inherit=&#8221;default&#8221; tablet_text_alignment=&#8221;default&#8221; phone_text_alignment=&#8221;default&#8221; bg_image_animation=&#8221;none&#8221; border_type=&#8221;simple&#8221; column_border_width=&#8221;none&#8221; column_border_style=&#8221;solid&#8221;][nectar_global_section id=&#8221;114564&#8243;][\/vc_column][\/vc_row]\n","protected":false},"excerpt":{"rendered":"<p>[vc_row type=&#8221;full_width_content&#8221; full_screen_row_position=&#8221;middle&#8221; column_margin=&#8221;default&#8221; column_direction=&#8221;default&#8221; column_direction_tablet=&#8221;default&#8221; column_direction_phone=&#8221;default&#8221; scene_position=&#8221;center&#8221; text_color=&#8221;dark&#8221; text_align=&#8221;left&#8221; row_border_radius=&#8221;none&#8221; row_border_radius_applies=&#8221;bg&#8221; overlay_strength=&#8221;0.3&#8243; gradient_direction=&#8221;left_to_right&#8221; shape_divider_position=&#8221;bottom&#8221; bg_image_animation=&#8221;none&#8221;][vc_column column_padding=&#8221;no-extra-padding&#8221; column_padding_tablet=&#8221;inherit&#8221; column_padding_phone=&#8221;inherit&#8221; column_padding_position=&#8221;all&#8221; column_element_spacing=&#8221;default&#8221; background_color_opacity=&#8221;1&#8243; background_hover_color_opacity=&#8221;1&#8243; column_shadow=&#8221;none&#8221; column_border_radius=&#8221;none&#8221; column_link_target=&#8221;_self&#8221; gradient_direction=&#8221;left_to_right&#8221; overlay_strength=&#8221;0.3&#8243; width=&#8221;1\/1&#8243; tablet_width_inherit=&#8221;default&#8221; tablet_text_alignment=&#8221;default&#8221; phone_text_alignment=&#8221;default&#8221; bg_image_animation=&#8221;none&#8221; border_type=&#8221;simple&#8221; column_border_width=&#8221;none&#8221; column_border_style=&#8221;solid&#8221;][nectar_image_comparison image_url=&#8221;7167&#8243; image_2_url=&#8221;7164&#8243;][\/vc_column][\/vc_row][vc_row type=&#8221;in_container&#8221; full_screen_row_position=&#8221;middle&#8221;&#8230;<\/p>\n","protected":false},"author":48,"featured_media":0,"parent":0,"menu_order":0,"comment_status":"closed","ping_status":"closed","template":"","meta":{"content-type":"","inline_featured_image":false,"footnotes":""},"class_list":["post-12102","page","type-page","status-publish"],"yoast_head":"<!-- This site is optimized with the Yoast SEO plugin v27.1.1 - https:\/\/yoast.com\/product\/yoast-seo-wordpress\/ -->\n<title>Piping &amp; Instrumentation \u2013 Cs\u0151vezet\u00e9kez\u00e9s \u00e9s m\u0171szerez\u00e9s | WSCAD GmbH<\/title>\n<meta name=\"description\" content=\"Mit der P&amp;ID-Technologie (Piping &amp; Instrumentation Diagrams) erstellen Prozessingenieure und Konstrukteure Rohrleitungs- und Instrumentierungsflussdiagramme.\" \/>\n<meta name=\"robots\" content=\"index, follow, max-snippet:-1, max-image-preview:large, max-video-preview:-1\" \/>\n<link rel=\"canonical\" href=\"https:\/\/www.wscad.com\/hu\/piping-instrumentation\/\" \/>\n<meta property=\"og:locale\" content=\"hu_HU\" \/>\n<meta property=\"og:type\" content=\"article\" \/>\n<meta property=\"og:title\" content=\"Piping &amp; Instrumentation \u2013 Cs\u0151vezet\u00e9kez\u00e9s \u00e9s m\u0171szerez\u00e9s | WSCAD GmbH\" \/>\n<meta property=\"og:description\" content=\"Mit der P&amp;ID-Technologie (Piping &amp; Instrumentation Diagrams) erstellen Prozessingenieure und Konstrukteure Rohrleitungs- und Instrumentierungsflussdiagramme.\" \/>\n<meta property=\"og:url\" content=\"https:\/\/www.wscad.com\/hu\/piping-instrumentation\/\" \/>\n<meta property=\"og:site_name\" content=\"WSCAD GmbH\" \/>\n<meta property=\"article:modified_time\" content=\"2022-11-24T13:48:41+00:00\" \/>\n<meta property=\"og:image\" content=\"https:\/\/www.wscad.com\/wp-content\/uploads\/2022\/08\/Screenshots_ELX_PID_DE-1024x640.png\" \/>\n<meta name=\"twitter:card\" content=\"summary_large_image\" \/>\n<meta name=\"twitter:image\" content=\"https:\/\/www.wscad.com\/wp-content\/uploads\/2022\/08\/Screenshots_ELX_PID_DE-1024x640.png\" \/>\n<meta name=\"twitter:site\" content=\"@wscad\" \/>\n<meta name=\"twitter:label1\" content=\"Becs\u00fclt olvas\u00e1si id\u0151\" \/>\n\t<meta name=\"twitter:data1\" content=\"3 perc\" \/>\n<script type=\"application\/ld+json\" class=\"yoast-schema-graph\">{\"@context\":\"https:\/\/schema.org\",\"@graph\":[{\"@type\":\"TechArticle\",\"@id\":\"https:\/\/www.wscad.com\/hu\/piping-instrumentation\/#article\",\"isPartOf\":{\"@id\":\"https:\/\/www.wscad.com\/hu\/piping-instrumentation\/\"},\"author\":{\"name\":\"Alex Vell\",\"@id\":\"https:\/\/www.wscad.com\/hu\/#\/schema\/person\/062e798bd850a5d12170c1e8ae712a0f\"},\"headline\":\"Piping &#038; Instrumentation \u2013 Cs\u0151vezet\u00e9kez\u00e9s \u00e9s m\u0171szerez\u00e9s\",\"datePublished\":\"2017-01-18T10:11:15+00:00\",\"dateModified\":\"2022-11-24T13:48:41+00:00\",\"mainEntityOfPage\":{\"@id\":\"https:\/\/www.wscad.com\/hu\/piping-instrumentation\/\"},\"wordCount\":1474,\"publisher\":{\"@id\":\"https:\/\/www.wscad.com\/hu\/#organization\"},\"inLanguage\":\"hu\"},{\"@type\":\"WebPage\",\"@id\":\"https:\/\/www.wscad.com\/hu\/piping-instrumentation\/\",\"url\":\"https:\/\/www.wscad.com\/hu\/piping-instrumentation\/\",\"name\":\"Piping & Instrumentation \u2013 Cs\u0151vezet\u00e9kez\u00e9s \u00e9s m\u0171szerez\u00e9s | WSCAD GmbH\",\"isPartOf\":{\"@id\":\"https:\/\/www.wscad.com\/hu\/#website\"},\"datePublished\":\"2017-01-18T10:11:15+00:00\",\"dateModified\":\"2022-11-24T13:48:41+00:00\",\"description\":\"Mit der P&ID-Technologie (Piping & Instrumentation Diagrams) erstellen Prozessingenieure und Konstrukteure Rohrleitungs- und Instrumentierungsflussdiagramme.\",\"inLanguage\":\"hu\",\"potentialAction\":[{\"@type\":\"ReadAction\",\"target\":[\"https:\/\/www.wscad.com\/hu\/piping-instrumentation\/\"]}]},{\"@type\":\"WebSite\",\"@id\":\"https:\/\/www.wscad.com\/hu\/#website\",\"url\":\"https:\/\/www.wscad.com\/hu\/\",\"name\":\"WSCAD GmbH\",\"description\":\"The only AI-powered electrical CAD\",\"publisher\":{\"@id\":\"https:\/\/www.wscad.com\/hu\/#organization\"},\"alternateName\":\"Electrical CAD Software\",\"potentialAction\":[{\"@type\":\"SearchAction\",\"target\":{\"@type\":\"EntryPoint\",\"urlTemplate\":\"https:\/\/www.wscad.com\/hu\/?s={search_term_string}\"},\"query-input\":{\"@type\":\"PropertyValueSpecification\",\"valueRequired\":true,\"valueName\":\"search_term_string\"}}],\"inLanguage\":\"hu\"},{\"@type\":\"Organization\",\"@id\":\"https:\/\/www.wscad.com\/hu\/#organization\",\"name\":\"WSCAD GmbH\",\"alternateName\":\"ELECTRIX\",\"url\":\"https:\/\/www.wscad.com\/hu\/\",\"logo\":{\"@type\":\"ImageObject\",\"inLanguage\":\"hu\",\"@id\":\"https:\/\/www.wscad.com\/hu\/#\/schema\/logo\/image\/\",\"url\":\"https:\/\/www.wscad.com\/wp-content\/uploads\/2024\/10\/WSCAD-Logo-4c_Positive-Blue-RGB_frameless.png\",\"contentUrl\":\"https:\/\/www.wscad.com\/wp-content\/uploads\/2024\/10\/WSCAD-Logo-4c_Positive-Blue-RGB_frameless.png\",\"width\":2000,\"height\":392,\"caption\":\"WSCAD GmbH\"},\"image\":{\"@id\":\"https:\/\/www.wscad.com\/hu\/#\/schema\/logo\/image\/\"},\"sameAs\":[\"https:\/\/x.com\/wscad\",\"https:\/\/www.instagram.com\/wscad_gmbh\",\"https:\/\/www.linkedin.com\/company\/wscad\/\",\"https:\/\/www.youtube.com\/c\/WSCADGmbH\"]},{\"@type\":\"Person\",\"@id\":\"https:\/\/www.wscad.com\/hu\/#\/schema\/person\/062e798bd850a5d12170c1e8ae712a0f\",\"name\":\"Alex Vell\"}]}<\/script>\n<!-- \/ Yoast SEO plugin. -->","yoast_head_json":{"title":"Piping & Instrumentation \u2013 Cs\u0151vezet\u00e9kez\u00e9s \u00e9s m\u0171szerez\u00e9s | WSCAD GmbH","description":"Mit der P&ID-Technologie (Piping & Instrumentation Diagrams) erstellen Prozessingenieure und Konstrukteure Rohrleitungs- und Instrumentierungsflussdiagramme.","robots":{"index":"index","follow":"follow","max-snippet":"max-snippet:-1","max-image-preview":"max-image-preview:large","max-video-preview":"max-video-preview:-1"},"canonical":"https:\/\/www.wscad.com\/hu\/piping-instrumentation\/","og_locale":"hu_HU","og_type":"article","og_title":"Piping & Instrumentation \u2013 Cs\u0151vezet\u00e9kez\u00e9s \u00e9s m\u0171szerez\u00e9s | WSCAD GmbH","og_description":"Mit der P&ID-Technologie (Piping & Instrumentation Diagrams) erstellen Prozessingenieure und Konstrukteure Rohrleitungs- und Instrumentierungsflussdiagramme.","og_url":"https:\/\/www.wscad.com\/hu\/piping-instrumentation\/","og_site_name":"WSCAD GmbH","article_modified_time":"2022-11-24T13:48:41+00:00","og_image":[{"url":"https:\/\/www.wscad.com\/wp-content\/uploads\/2022\/08\/Screenshots_ELX_PID_DE-1024x640.png","type":"","width":"","height":""}],"twitter_card":"summary_large_image","twitter_image":"https:\/\/www.wscad.com\/wp-content\/uploads\/2022\/08\/Screenshots_ELX_PID_DE-1024x640.png","twitter_site":"@wscad","twitter_misc":{"Becs\u00fclt olvas\u00e1si id\u0151":"3 perc"},"schema":{"@context":"https:\/\/schema.org","@graph":[{"@type":"TechArticle","@id":"https:\/\/www.wscad.com\/hu\/piping-instrumentation\/#article","isPartOf":{"@id":"https:\/\/www.wscad.com\/hu\/piping-instrumentation\/"},"author":{"name":"Alex Vell","@id":"https:\/\/www.wscad.com\/hu\/#\/schema\/person\/062e798bd850a5d12170c1e8ae712a0f"},"headline":"Piping &#038; Instrumentation \u2013 Cs\u0151vezet\u00e9kez\u00e9s \u00e9s m\u0171szerez\u00e9s","datePublished":"2017-01-18T10:11:15+00:00","dateModified":"2022-11-24T13:48:41+00:00","mainEntityOfPage":{"@id":"https:\/\/www.wscad.com\/hu\/piping-instrumentation\/"},"wordCount":1474,"publisher":{"@id":"https:\/\/www.wscad.com\/hu\/#organization"},"inLanguage":"hu"},{"@type":"WebPage","@id":"https:\/\/www.wscad.com\/hu\/piping-instrumentation\/","url":"https:\/\/www.wscad.com\/hu\/piping-instrumentation\/","name":"Piping & Instrumentation \u2013 Cs\u0151vezet\u00e9kez\u00e9s \u00e9s m\u0171szerez\u00e9s | WSCAD GmbH","isPartOf":{"@id":"https:\/\/www.wscad.com\/hu\/#website"},"datePublished":"2017-01-18T10:11:15+00:00","dateModified":"2022-11-24T13:48:41+00:00","description":"Mit der P&ID-Technologie (Piping & Instrumentation Diagrams) erstellen Prozessingenieure und Konstrukteure Rohrleitungs- und Instrumentierungsflussdiagramme.","inLanguage":"hu","potentialAction":[{"@type":"ReadAction","target":["https:\/\/www.wscad.com\/hu\/piping-instrumentation\/"]}]},{"@type":"WebSite","@id":"https:\/\/www.wscad.com\/hu\/#website","url":"https:\/\/www.wscad.com\/hu\/","name":"WSCAD GmbH","description":"The only AI-powered electrical CAD","publisher":{"@id":"https:\/\/www.wscad.com\/hu\/#organization"},"alternateName":"Electrical CAD Software","potentialAction":[{"@type":"SearchAction","target":{"@type":"EntryPoint","urlTemplate":"https:\/\/www.wscad.com\/hu\/?s={search_term_string}"},"query-input":{"@type":"PropertyValueSpecification","valueRequired":true,"valueName":"search_term_string"}}],"inLanguage":"hu"},{"@type":"Organization","@id":"https:\/\/www.wscad.com\/hu\/#organization","name":"WSCAD GmbH","alternateName":"ELECTRIX","url":"https:\/\/www.wscad.com\/hu\/","logo":{"@type":"ImageObject","inLanguage":"hu","@id":"https:\/\/www.wscad.com\/hu\/#\/schema\/logo\/image\/","url":"https:\/\/www.wscad.com\/wp-content\/uploads\/2024\/10\/WSCAD-Logo-4c_Positive-Blue-RGB_frameless.png","contentUrl":"https:\/\/www.wscad.com\/wp-content\/uploads\/2024\/10\/WSCAD-Logo-4c_Positive-Blue-RGB_frameless.png","width":2000,"height":392,"caption":"WSCAD GmbH"},"image":{"@id":"https:\/\/www.wscad.com\/hu\/#\/schema\/logo\/image\/"},"sameAs":["https:\/\/x.com\/wscad","https:\/\/www.instagram.com\/wscad_gmbh","https:\/\/www.linkedin.com\/company\/wscad\/","https:\/\/www.youtube.com\/c\/WSCADGmbH"]},{"@type":"Person","@id":"https:\/\/www.wscad.com\/hu\/#\/schema\/person\/062e798bd850a5d12170c1e8ae712a0f","name":"Alex Vell"}]}},"publishpress_future_workflow_manual_trigger":{"enabledWorkflows":[]},"_links":{"self":[{"href":"https:\/\/www.wscad.com\/hu\/wp-json\/wp\/v2\/pages\/12102","targetHints":{"allow":["GET"]}}],"collection":[{"href":"https:\/\/www.wscad.com\/hu\/wp-json\/wp\/v2\/pages"}],"about":[{"href":"https:\/\/www.wscad.com\/hu\/wp-json\/wp\/v2\/types\/page"}],"author":[{"embeddable":true,"href":"https:\/\/www.wscad.com\/hu\/wp-json\/wp\/v2\/users\/48"}],"replies":[{"embeddable":true,"href":"https:\/\/www.wscad.com\/hu\/wp-json\/wp\/v2\/comments?post=12102"}],"version-history":[{"count":0,"href":"https:\/\/www.wscad.com\/hu\/wp-json\/wp\/v2\/pages\/12102\/revisions"}],"wp:attachment":[{"href":"https:\/\/www.wscad.com\/hu\/wp-json\/wp\/v2\/media?parent=12102"}],"curies":[{"name":"wp","href":"https:\/\/api.w.org\/{rel}","templated":true}]}}