{"id":103638,"date":"2019-07-18T10:13:22","date_gmt":"2019-07-18T08:13:22","guid":{"rendered":"https:\/\/www.wscad.com\/datenschutz\/"},"modified":"2022-01-25T11:28:48","modified_gmt":"2022-01-25T10:28:48","slug":"adatvedelmi-iranyelvek","status":"publish","type":"page","link":"https:\/\/www.wscad.com\/hu\/adatvedelmi-iranyelvek\/","title":{"rendered":"Adatv\u00e9delmi ir\u00e1nyelvek"},"content":{"rendered":"[vc_row type=&#8221;in_container&#8221; full_screen_row_position=&#8221;middle&#8221; column_margin=&#8221;default&#8221; column_direction=&#8221;default&#8221; column_direction_tablet=&#8221;default&#8221; column_direction_phone=&#8221;default&#8221; scene_position=&#8221;center&#8221; top_padding=&#8221;60&#8243; text_color=&#8221;dark&#8221; text_align=&#8221;left&#8221; row_border_radius=&#8221;none&#8221; row_border_radius_applies=&#8221;bg&#8221; overflow=&#8221;visible&#8221; advanced_gradient_angle=&#8221;0&#8243; overlay_strength=&#8221;0.3&#8243; gradient_direction=&#8221;left_to_right&#8221; shape_divider_position=&#8221;bottom&#8221; bg_image_animation=&#8221;none&#8221; gradient_type=&#8221;default&#8221; shape_type=&#8221;&#8221;][vc_column column_padding=&#8221;no-extra-padding&#8221; column_padding_tablet=&#8221;inherit&#8221; column_padding_phone=&#8221;inherit&#8221; column_padding_position=&#8221;all&#8221; column_element_spacing=&#8221;default&#8221; background_color_opacity=&#8221;1&#8243; background_hover_color_opacity=&#8221;1&#8243; column_shadow=&#8221;none&#8221; column_border_radius=&#8221;none&#8221; column_link_target=&#8221;_self&#8221; column_position=&#8221;default&#8221; gradient_direction=&#8221;left_to_right&#8221; overlay_strength=&#8221;0.3&#8243; width=&#8221;1\/1&#8243; tablet_width_inherit=&#8221;default&#8221; tablet_text_alignment=&#8221;default&#8221; phone_text_alignment=&#8221;default&#8221; animation_type=&#8221;default&#8221; bg_image_animation=&#8221;none&#8221; border_type=&#8221;simple&#8221; column_border_width=&#8221;none&#8221; column_border_style=&#8221;solid&#8221;][vc_column_text]\n<h1>WSCAD Adatv\u00e9delmi ir\u00e1nyelvek<\/h1>\n[\/vc_column_text][nectar_global_section id=&#8221;118332&#8243;][\/vc_column][\/vc_row]\n","protected":false},"excerpt":{"rendered":"<p>[vc_row type=&#8221;in_container&#8221; full_screen_row_position=&#8221;middle&#8221; column_margin=&#8221;default&#8221; column_direction=&#8221;default&#8221; column_direction_tablet=&#8221;default&#8221; column_direction_phone=&#8221;default&#8221; scene_position=&#8221;center&#8221; top_padding=&#8221;60&#8243; text_color=&#8221;dark&#8221; text_align=&#8221;left&#8221; row_border_radius=&#8221;none&#8221; row_border_radius_applies=&#8221;bg&#8221; overflow=&#8221;visible&#8221; advanced_gradient_angle=&#8221;0&#8243; overlay_strength=&#8221;0.3&#8243; gradient_direction=&#8221;left_to_right&#8221; shape_divider_position=&#8221;bottom&#8221; bg_image_animation=&#8221;none&#8221; gradient_type=&#8221;default&#8221; shape_type=&#8221;&#8221;][vc_column column_padding=&#8221;no-extra-padding&#8221; column_padding_tablet=&#8221;inherit&#8221; column_padding_phone=&#8221;inherit&#8221; column_padding_position=&#8221;all&#8221; column_element_spacing=&#8221;default&#8221; background_color_opacity=&#8221;1&#8243; background_hover_color_opacity=&#8221;1&#8243; column_shadow=&#8221;none&#8221; column_border_radius=&#8221;none&#8221; column_link_target=&#8221;_self&#8221; column_position=&#8221;default&#8221; gradient_direction=&#8221;left_to_right&#8221; overlay_strength=&#8221;0.3&#8243; width=&#8221;1\/1&#8243; tablet_width_inherit=&#8221;default&#8221; tablet_text_alignment=&#8221;default&#8221; phone_text_alignment=&#8221;default&#8221; animation_type=&#8221;default&#8221; bg_image_animation=&#8221;none&#8221;&#8230;<\/p>\n","protected":false},"author":48,"featured_media":0,"parent":0,"menu_order":0,"comment_status":"closed","ping_status":"closed","template":"","meta":{"content-type":"","inline_featured_image":false,"footnotes":""},"class_list":["post-103638","page","type-page","status-publish"],"yoast_head":"<!-- This site is optimized with the Yoast SEO plugin v27.1.1 - https:\/\/yoast.com\/product\/yoast-seo-wordpress\/ -->\n<title>Adatv\u00e9delmi ir\u00e1nyelvek | WSCAD GmbH<\/title>\n<meta name=\"description\" content=\"WSCAD Adatv\u00e9delmi ir\u00e1nyelvek\" \/>\n<meta name=\"robots\" content=\"noindex, nofollow\" \/>\n<meta property=\"og:locale\" content=\"hu_HU\" \/>\n<meta property=\"og:type\" content=\"article\" \/>\n<meta property=\"og:title\" content=\"Adatv\u00e9delmi ir\u00e1nyelvek | WSCAD GmbH\" \/>\n<meta property=\"og:description\" content=\"WSCAD Adatv\u00e9delmi ir\u00e1nyelvek\" \/>\n<meta property=\"og:url\" content=\"https:\/\/www.wscad.com\/hu\/adatvedelmi-iranyelvek\/\" \/>\n<meta property=\"og:site_name\" content=\"WSCAD GmbH\" \/>\n<meta property=\"article:modified_time\" content=\"2022-01-25T10:28:48+00:00\" \/>\n<meta property=\"og:image\" content=\"https:\/\/www.wscad.com\/wp-content\/uploads\/2021\/01\/WSCAD_default_preview_image.jpg\" \/>\n\t<meta property=\"og:image:width\" content=\"1024\" \/>\n\t<meta property=\"og:image:height\" content=\"768\" \/>\n\t<meta property=\"og:image:type\" content=\"image\/jpeg\" \/>\n<meta name=\"twitter:card\" content=\"summary_large_image\" \/>\n<meta name=\"twitter:site\" content=\"@wscad\" \/>\n<meta name=\"twitter:label1\" content=\"Becs\u00fclt olvas\u00e1si id\u0151\" \/>\n\t<meta name=\"twitter:data1\" content=\"50 perc\" \/>\n<script type=\"application\/ld+json\" class=\"yoast-schema-graph\">{\"@context\":\"https:\/\/schema.org\",\"@graph\":[{\"@type\":\"TechArticle\",\"@id\":\"https:\/\/www.wscad.com\/hu\/adatvedelmi-iranyelvek\/#article\",\"isPartOf\":{\"@id\":\"https:\/\/www.wscad.com\/hu\/adatvedelmi-iranyelvek\/\"},\"author\":{\"name\":\"Alex Vell\",\"@id\":\"https:\/\/www.wscad.com\/hu\/#\/schema\/person\/062e798bd850a5d12170c1e8ae712a0f\"},\"headline\":\"Adatv\u00e9delmi ir\u00e1nyelvek\",\"datePublished\":\"2019-07-18T08:13:22+00:00\",\"dateModified\":\"2022-01-25T10:28:48+00:00\",\"mainEntityOfPage\":{\"@id\":\"https:\/\/www.wscad.com\/hu\/adatvedelmi-iranyelvek\/\"},\"wordCount\":172,\"publisher\":{\"@id\":\"https:\/\/www.wscad.com\/hu\/#organization\"},\"inLanguage\":\"hu\"},{\"@type\":\"WebPage\",\"@id\":\"https:\/\/www.wscad.com\/hu\/adatvedelmi-iranyelvek\/\",\"url\":\"https:\/\/www.wscad.com\/hu\/adatvedelmi-iranyelvek\/\",\"name\":\"Adatv\u00e9delmi ir\u00e1nyelvek | WSCAD GmbH\",\"isPartOf\":{\"@id\":\"https:\/\/www.wscad.com\/hu\/#website\"},\"datePublished\":\"2019-07-18T08:13:22+00:00\",\"dateModified\":\"2022-01-25T10:28:48+00:00\",\"description\":\"WSCAD Adatv\u00e9delmi ir\u00e1nyelvek\",\"inLanguage\":\"hu\",\"potentialAction\":[{\"@type\":\"ReadAction\",\"target\":[\"https:\/\/www.wscad.com\/hu\/adatvedelmi-iranyelvek\/\"]}]},{\"@type\":\"WebSite\",\"@id\":\"https:\/\/www.wscad.com\/hu\/#website\",\"url\":\"https:\/\/www.wscad.com\/hu\/\",\"name\":\"WSCAD GmbH\",\"description\":\"The only AI-powered electrical CAD\",\"publisher\":{\"@id\":\"https:\/\/www.wscad.com\/hu\/#organization\"},\"alternateName\":\"Electrical CAD Software\",\"potentialAction\":[{\"@type\":\"SearchAction\",\"target\":{\"@type\":\"EntryPoint\",\"urlTemplate\":\"https:\/\/www.wscad.com\/hu\/?s={search_term_string}\"},\"query-input\":{\"@type\":\"PropertyValueSpecification\",\"valueRequired\":true,\"valueName\":\"search_term_string\"}}],\"inLanguage\":\"hu\"},{\"@type\":\"Organization\",\"@id\":\"https:\/\/www.wscad.com\/hu\/#organization\",\"name\":\"WSCAD GmbH\",\"alternateName\":\"ELECTRIX\",\"url\":\"https:\/\/www.wscad.com\/hu\/\",\"logo\":{\"@type\":\"ImageObject\",\"inLanguage\":\"hu\",\"@id\":\"https:\/\/www.wscad.com\/hu\/#\/schema\/logo\/image\/\",\"url\":\"https:\/\/www.wscad.com\/wp-content\/uploads\/2024\/10\/WSCAD-Logo-4c_Positive-Blue-RGB_frameless.png\",\"contentUrl\":\"https:\/\/www.wscad.com\/wp-content\/uploads\/2024\/10\/WSCAD-Logo-4c_Positive-Blue-RGB_frameless.png\",\"width\":2000,\"height\":392,\"caption\":\"WSCAD GmbH\"},\"image\":{\"@id\":\"https:\/\/www.wscad.com\/hu\/#\/schema\/logo\/image\/\"},\"sameAs\":[\"https:\/\/x.com\/wscad\",\"https:\/\/www.instagram.com\/wscad_gmbh\",\"https:\/\/www.linkedin.com\/company\/wscad\/\",\"https:\/\/www.youtube.com\/c\/WSCADGmbH\"]},{\"@type\":\"Person\",\"@id\":\"https:\/\/www.wscad.com\/hu\/#\/schema\/person\/062e798bd850a5d12170c1e8ae712a0f\",\"name\":\"Alex Vell\"}]}<\/script>\n<!-- \/ Yoast SEO plugin. -->","yoast_head_json":{"title":"Adatv\u00e9delmi ir\u00e1nyelvek | WSCAD GmbH","description":"WSCAD Adatv\u00e9delmi ir\u00e1nyelvek","robots":{"index":"noindex","follow":"nofollow"},"og_locale":"hu_HU","og_type":"article","og_title":"Adatv\u00e9delmi ir\u00e1nyelvek | WSCAD GmbH","og_description":"WSCAD Adatv\u00e9delmi ir\u00e1nyelvek","og_url":"https:\/\/www.wscad.com\/hu\/adatvedelmi-iranyelvek\/","og_site_name":"WSCAD GmbH","article_modified_time":"2022-01-25T10:28:48+00:00","og_image":[{"width":1024,"height":768,"url":"https:\/\/www.wscad.com\/wp-content\/uploads\/2021\/01\/WSCAD_default_preview_image.jpg","type":"image\/jpeg"}],"twitter_card":"summary_large_image","twitter_site":"@wscad","twitter_misc":{"Becs\u00fclt olvas\u00e1si id\u0151":"50 perc"},"schema":{"@context":"https:\/\/schema.org","@graph":[{"@type":"TechArticle","@id":"https:\/\/www.wscad.com\/hu\/adatvedelmi-iranyelvek\/#article","isPartOf":{"@id":"https:\/\/www.wscad.com\/hu\/adatvedelmi-iranyelvek\/"},"author":{"name":"Alex Vell","@id":"https:\/\/www.wscad.com\/hu\/#\/schema\/person\/062e798bd850a5d12170c1e8ae712a0f"},"headline":"Adatv\u00e9delmi ir\u00e1nyelvek","datePublished":"2019-07-18T08:13:22+00:00","dateModified":"2022-01-25T10:28:48+00:00","mainEntityOfPage":{"@id":"https:\/\/www.wscad.com\/hu\/adatvedelmi-iranyelvek\/"},"wordCount":172,"publisher":{"@id":"https:\/\/www.wscad.com\/hu\/#organization"},"inLanguage":"hu"},{"@type":"WebPage","@id":"https:\/\/www.wscad.com\/hu\/adatvedelmi-iranyelvek\/","url":"https:\/\/www.wscad.com\/hu\/adatvedelmi-iranyelvek\/","name":"Adatv\u00e9delmi ir\u00e1nyelvek | WSCAD GmbH","isPartOf":{"@id":"https:\/\/www.wscad.com\/hu\/#website"},"datePublished":"2019-07-18T08:13:22+00:00","dateModified":"2022-01-25T10:28:48+00:00","description":"WSCAD Adatv\u00e9delmi ir\u00e1nyelvek","inLanguage":"hu","potentialAction":[{"@type":"ReadAction","target":["https:\/\/www.wscad.com\/hu\/adatvedelmi-iranyelvek\/"]}]},{"@type":"WebSite","@id":"https:\/\/www.wscad.com\/hu\/#website","url":"https:\/\/www.wscad.com\/hu\/","name":"WSCAD GmbH","description":"The only AI-powered electrical CAD","publisher":{"@id":"https:\/\/www.wscad.com\/hu\/#organization"},"alternateName":"Electrical CAD Software","potentialAction":[{"@type":"SearchAction","target":{"@type":"EntryPoint","urlTemplate":"https:\/\/www.wscad.com\/hu\/?s={search_term_string}"},"query-input":{"@type":"PropertyValueSpecification","valueRequired":true,"valueName":"search_term_string"}}],"inLanguage":"hu"},{"@type":"Organization","@id":"https:\/\/www.wscad.com\/hu\/#organization","name":"WSCAD GmbH","alternateName":"ELECTRIX","url":"https:\/\/www.wscad.com\/hu\/","logo":{"@type":"ImageObject","inLanguage":"hu","@id":"https:\/\/www.wscad.com\/hu\/#\/schema\/logo\/image\/","url":"https:\/\/www.wscad.com\/wp-content\/uploads\/2024\/10\/WSCAD-Logo-4c_Positive-Blue-RGB_frameless.png","contentUrl":"https:\/\/www.wscad.com\/wp-content\/uploads\/2024\/10\/WSCAD-Logo-4c_Positive-Blue-RGB_frameless.png","width":2000,"height":392,"caption":"WSCAD GmbH"},"image":{"@id":"https:\/\/www.wscad.com\/hu\/#\/schema\/logo\/image\/"},"sameAs":["https:\/\/x.com\/wscad","https:\/\/www.instagram.com\/wscad_gmbh","https:\/\/www.linkedin.com\/company\/wscad\/","https:\/\/www.youtube.com\/c\/WSCADGmbH"]},{"@type":"Person","@id":"https:\/\/www.wscad.com\/hu\/#\/schema\/person\/062e798bd850a5d12170c1e8ae712a0f","name":"Alex Vell"}]}},"publishpress_future_workflow_manual_trigger":{"enabledWorkflows":[]},"_links":{"self":[{"href":"https:\/\/www.wscad.com\/hu\/wp-json\/wp\/v2\/pages\/103638","targetHints":{"allow":["GET"]}}],"collection":[{"href":"https:\/\/www.wscad.com\/hu\/wp-json\/wp\/v2\/pages"}],"about":[{"href":"https:\/\/www.wscad.com\/hu\/wp-json\/wp\/v2\/types\/page"}],"author":[{"embeddable":true,"href":"https:\/\/www.wscad.com\/hu\/wp-json\/wp\/v2\/users\/48"}],"replies":[{"embeddable":true,"href":"https:\/\/www.wscad.com\/hu\/wp-json\/wp\/v2\/comments?post=103638"}],"version-history":[{"count":0,"href":"https:\/\/www.wscad.com\/hu\/wp-json\/wp\/v2\/pages\/103638\/revisions"}],"wp:attachment":[{"href":"https:\/\/www.wscad.com\/hu\/wp-json\/wp\/v2\/media?parent=103638"}],"curies":[{"name":"wp","href":"https:\/\/api.w.org\/{rel}","templated":true}]}}