{"id":103633,"date":"2016-03-17T10:23:54","date_gmt":"2016-03-17T09:23:54","guid":{"rendered":"https:\/\/www.wscad.com\/impressum\/"},"modified":"2021-12-07T15:26:32","modified_gmt":"2021-12-07T14:26:32","slug":"impresszum","status":"publish","type":"page","link":"https:\/\/www.wscad.com\/hu\/impresszum\/","title":{"rendered":"Impresszum"},"content":{"rendered":"[vc_row type=&#8221;in_container&#8221; full_screen_row_position=&#8221;middle&#8221; column_margin=&#8221;default&#8221; column_direction=&#8221;default&#8221; column_direction_tablet=&#8221;default&#8221; column_direction_phone=&#8221;default&#8221; scene_position=&#8221;center&#8221; text_color=&#8221;dark&#8221; text_align=&#8221;left&#8221; row_border_radius=&#8221;none&#8221; row_border_radius_applies=&#8221;bg&#8221; overflow=&#8221;visible&#8221; overlay_strength=&#8221;0.3&#8243; gradient_direction=&#8221;left_to_right&#8221; shape_divider_position=&#8221;bottom&#8221; bg_image_animation=&#8221;none&#8221;][vc_column column_padding=&#8221;no-extra-padding&#8221; column_padding_tablet=&#8221;inherit&#8221; column_padding_phone=&#8221;inherit&#8221; column_padding_position=&#8221;all&#8221; column_element_spacing=&#8221;default&#8221; background_color_opacity=&#8221;1&#8243; background_hover_color_opacity=&#8221;1&#8243; column_shadow=&#8221;none&#8221; column_border_radius=&#8221;none&#8221; column_link_target=&#8221;_self&#8221; column_position=&#8221;default&#8221; gradient_direction=&#8221;left_to_right&#8221; overlay_strength=&#8221;0.3&#8243; width=&#8221;1\/1&#8243; tablet_width_inherit=&#8221;default&#8221; tablet_text_alignment=&#8221;default&#8221; phone_text_alignment=&#8221;default&#8221; animation_type=&#8221;default&#8221; bg_image_animation=&#8221;none&#8221; border_type=&#8221;simple&#8221; column_border_width=&#8221;none&#8221; column_border_style=&#8221;solid&#8221;][vc_column_text]\n<h1>WSCAD Impresszum<\/h1>\n[\/vc_column_text][divider line_type=&#8221;Small Line&#8221; line_alignment=&#8221;default&#8221; line_thickness=&#8221;1&#8243; divider_color=&#8221;default&#8221; custom_height=&#8221;35&#8243;][vc_column_text]\n<h4>Information provided according to Sec. 5 German Telemedia Act<\/h4>\n<p>(TMG):<br \/>\nWSCAD GmbH<br \/>\nDieselstra\u00dfe 4<br \/>\n85232 Bergkirchen<\/p>\n<h4>Represented by:<\/h4>\n<p>Dr. Axel Zein, Moritz Buhl<\/p>\n<h4>Contact:<\/h4>\n<p>Telephone: +49 (0) 8131 \/ 3627 \u2013 0<br \/>\nTelefax: +49 (0) 8131 \/ 3627 \u2013 50<br \/>\nEmail: worldwide@wscad.com<\/p>\n<h4>Register entry:<\/h4>\n<p>Entry in the Handelsregister.<br \/>\nRegistering court:Amtsgericht M\u00fcnchen<br \/>\nRegistration number: HRB 90263<\/p>\n<h4>VAT:<\/h4>\n<p>VAT Id number according to Sec. 27 a German Value Added Tax Act:<br \/>\nDE 128 251 316<\/p>\n<h4>Responsible for contents acc. to Sec. 55, para. 2 German Federal Broadcasting Agreement (RstV):<\/h4>\n<p>Dr. Axel Zein<br \/>\nDieselstra\u00dfe 4<br \/>\n85232 Bergkirchen[\/vc_column_text][divider line_type=&#8221;No Line&#8221; custom_height=&#8221;50&#8243;][vc_column_text]\n<h3>Dispute resolution<\/h3>\n<p>The European Commission provides a platform for online dispute resolution (OS):<br \/>\nhttps:\/\/ec.europa.eu\/consumers\/odr.<br \/>\nPlease find our email in the impressum\/legal notice.<br \/>\nWe do not take part in online dispute resolutions at consumer arbitration boards.<\/p>\n<h3>Liability for Contents<\/h3>\n<p>As service providers, we are liable for own contents of these websites according to Sec. 7, paragraph 1<br \/>\nGerman Telemedia Act (TMG). However, according to Sec. 8 to 10 German Telemedia Act (TMG),<br \/>\nservice providers are not obligated to permanently monitor submitted or stored information or to search for<br \/>\nevidences that indicate illegal activities.<br \/>\nLegal obligations to removing information or to blocking the use of information remain unchallenged. In<br \/>\nthis case, liability is only possible at the time of knowledge about a specific violation of law. Illegal<br \/>\ncontents will be removed immediately at the time we get knowledge of them.<\/p>\n<h3>Liability for Links<\/h3>\n<p>Our offer includes links to external third party websites. We have no influence on the contents of those<br \/>\nwebsites, therefore we cannot guarantee for those contents. Providers or administrators of linked<br \/>\nwebsites are always responsible for their own contents.<br \/>\nThe linked websites had been checked for possible violations of law at the time of the establishment of the<br \/>\nlink. Illegal contents were not detected at the time of the linking. A permanent monitoring of the contents<br \/>\nof linked websites cannot be imposed without reasonable indications that there has been a violation of<br \/>\nlaw. Illegal links will be removed immediately at the time we get knowledge of them.<\/p>\n<h3>Copyright<\/h3>\n<p>Contents and compilations published on these websites by the providers are subject to German copyright<br \/>\nlaws. Reproduction, editing, distribution as well as the use of any kind outside the scope of the copyright<br \/>\nlaw require a written permission of the author or originator. Downloads and copies of these websites are<br \/>\npermitted for private use only.<br \/>\nThe commercial use of our contents without permission of the originator is prohibited.<br \/>\nCopyright laws of third parties are respected as long as the contents on these websites do not originate<br \/>\nfrom the provider. Contributions of third parties on this site are indicated as such. However, if you notice<br \/>\nany violations of copyright law, please inform us. Such contents will be removed immediately.[\/vc_column_text][\/vc_column][\/vc_row][vc_row type=&#8221;in_container&#8221; full_screen_row_position=&#8221;middle&#8221; column_margin=&#8221;default&#8221; column_direction=&#8221;default&#8221; column_direction_tablet=&#8221;default&#8221; column_direction_phone=&#8221;default&#8221; scene_position=&#8221;center&#8221; text_color=&#8221;dark&#8221; text_align=&#8221;left&#8221; row_border_radius=&#8221;none&#8221; row_border_radius_applies=&#8221;bg&#8221; overflow=&#8221;visible&#8221; overlay_strength=&#8221;0.3&#8243; gradient_direction=&#8221;left_to_right&#8221; shape_divider_position=&#8221;bottom&#8221; bg_image_animation=&#8221;none&#8221;][vc_column column_padding=&#8221;no-extra-padding&#8221; column_padding_tablet=&#8221;inherit&#8221; column_padding_phone=&#8221;inherit&#8221; column_padding_position=&#8221;all&#8221; column_element_spacing=&#8221;default&#8221; background_color_opacity=&#8221;1&#8243; background_hover_color_opacity=&#8221;1&#8243; column_shadow=&#8221;none&#8221; column_border_radius=&#8221;none&#8221; column_link_target=&#8221;_self&#8221; column_position=&#8221;default&#8221; gradient_direction=&#8221;left_to_right&#8221; overlay_strength=&#8221;0.3&#8243; width=&#8221;1\/1&#8243; tablet_width_inherit=&#8221;default&#8221; tablet_text_alignment=&#8221;default&#8221; phone_text_alignment=&#8221;default&#8221; animation_type=&#8221;default&#8221; bg_image_animation=&#8221;none&#8221; border_type=&#8221;simple&#8221; column_border_width=&#8221;none&#8221; column_border_style=&#8221;solid&#8221;][\/vc_column][\/vc_row]\n","protected":false},"excerpt":{"rendered":"<p>[vc_row type=&#8221;in_container&#8221; full_screen_row_position=&#8221;middle&#8221; column_margin=&#8221;default&#8221; column_direction=&#8221;default&#8221; column_direction_tablet=&#8221;default&#8221; column_direction_phone=&#8221;default&#8221; scene_position=&#8221;center&#8221; text_color=&#8221;dark&#8221; text_align=&#8221;left&#8221; row_border_radius=&#8221;none&#8221; row_border_radius_applies=&#8221;bg&#8221; overflow=&#8221;visible&#8221; overlay_strength=&#8221;0.3&#8243; gradient_direction=&#8221;left_to_right&#8221; shape_divider_position=&#8221;bottom&#8221; bg_image_animation=&#8221;none&#8221;][vc_column column_padding=&#8221;no-extra-padding&#8221; column_padding_tablet=&#8221;inherit&#8221; column_padding_phone=&#8221;inherit&#8221; column_padding_position=&#8221;all&#8221; column_element_spacing=&#8221;default&#8221; background_color_opacity=&#8221;1&#8243; background_hover_color_opacity=&#8221;1&#8243; column_shadow=&#8221;none&#8221; column_border_radius=&#8221;none&#8221; column_link_target=&#8221;_self&#8221; column_position=&#8221;default&#8221; gradient_direction=&#8221;left_to_right&#8221; overlay_strength=&#8221;0.3&#8243; width=&#8221;1\/1&#8243; tablet_width_inherit=&#8221;default&#8221; tablet_text_alignment=&#8221;default&#8221; phone_text_alignment=&#8221;default&#8221; animation_type=&#8221;default&#8221; bg_image_animation=&#8221;none&#8221; border_type=&#8221;simple&#8221; column_border_width=&#8221;none&#8221; column_border_style=&#8221;solid&#8221;][vc_column_text] WSCAD&#8230;<\/p>\n","protected":false},"author":48,"featured_media":0,"parent":0,"menu_order":0,"comment_status":"closed","ping_status":"closed","template":"","meta":{"content-type":"","inline_featured_image":false,"footnotes":""},"class_list":["post-103633","page","type-page","status-publish"],"yoast_head":"<!-- This site is optimized with the Yoast SEO plugin v27.1.1 - https:\/\/yoast.com\/product\/yoast-seo-wordpress\/ -->\n<title>Impresszum | WSCAD GmbH<\/title>\n<meta name=\"description\" content=\"WSCAD Impresszum Information provided according to Sec. 5 German Telemedia Act (TMG): WSCAD GmbH Dieselstra\u00dfe 4 85232 Bergkirchen Represented by: Dr. Axel\" \/>\n<meta name=\"robots\" content=\"index, follow, max-snippet:-1, max-image-preview:large, max-video-preview:-1\" \/>\n<link rel=\"canonical\" href=\"https:\/\/www.wscad.com\/hu\/impresszum\/\" \/>\n<meta property=\"og:locale\" content=\"hu_HU\" \/>\n<meta property=\"og:type\" content=\"article\" \/>\n<meta property=\"og:title\" content=\"Impresszum | WSCAD GmbH\" \/>\n<meta property=\"og:description\" content=\"WSCAD Impresszum Information provided according to Sec. 5 German Telemedia Act (TMG): WSCAD GmbH Dieselstra\u00dfe 4 85232 Bergkirchen Represented by: Dr. Axel\" \/>\n<meta property=\"og:url\" content=\"https:\/\/www.wscad.com\/hu\/impresszum\/\" \/>\n<meta property=\"og:site_name\" content=\"WSCAD GmbH\" \/>\n<meta property=\"article:modified_time\" content=\"2021-12-07T14:26:32+00:00\" \/>\n<meta property=\"og:image\" content=\"https:\/\/www.wscad.com\/wp-content\/uploads\/2021\/01\/WSCAD_default_preview_image.jpg\" \/>\n\t<meta property=\"og:image:width\" content=\"1024\" \/>\n\t<meta property=\"og:image:height\" content=\"768\" \/>\n\t<meta property=\"og:image:type\" content=\"image\/jpeg\" \/>\n<meta name=\"twitter:card\" content=\"summary_large_image\" \/>\n<meta name=\"twitter:site\" content=\"@wscad\" \/>\n<meta name=\"twitter:label1\" content=\"Becs\u00fclt olvas\u00e1si id\u0151\" \/>\n\t<meta name=\"twitter:data1\" content=\"3 perc\" \/>\n<script type=\"application\/ld+json\" class=\"yoast-schema-graph\">{\"@context\":\"https:\/\/schema.org\",\"@graph\":[{\"@type\":\"TechArticle\",\"@id\":\"https:\/\/www.wscad.com\/hu\/impresszum\/#article\",\"isPartOf\":{\"@id\":\"https:\/\/www.wscad.com\/hu\/impresszum\/\"},\"author\":{\"name\":\"Alex Vell\",\"@id\":\"https:\/\/www.wscad.com\/hu\/#\/schema\/person\/062e798bd850a5d12170c1e8ae712a0f\"},\"headline\":\"Impresszum\",\"datePublished\":\"2016-03-17T09:23:54+00:00\",\"dateModified\":\"2021-12-07T14:26:32+00:00\",\"mainEntityOfPage\":{\"@id\":\"https:\/\/www.wscad.com\/hu\/impresszum\/\"},\"wordCount\":772,\"publisher\":{\"@id\":\"https:\/\/www.wscad.com\/hu\/#organization\"},\"inLanguage\":\"hu\"},{\"@type\":\"WebPage\",\"@id\":\"https:\/\/www.wscad.com\/hu\/impresszum\/\",\"url\":\"https:\/\/www.wscad.com\/hu\/impresszum\/\",\"name\":\"Impresszum | WSCAD GmbH\",\"isPartOf\":{\"@id\":\"https:\/\/www.wscad.com\/hu\/#website\"},\"datePublished\":\"2016-03-17T09:23:54+00:00\",\"dateModified\":\"2021-12-07T14:26:32+00:00\",\"description\":\"WSCAD Impresszum Information provided according to Sec. 5 German Telemedia Act (TMG): WSCAD GmbH Dieselstra\u00dfe 4 85232 Bergkirchen Represented by: Dr. Axel\",\"inLanguage\":\"hu\",\"potentialAction\":[{\"@type\":\"ReadAction\",\"target\":[\"https:\/\/www.wscad.com\/hu\/impresszum\/\"]}]},{\"@type\":\"WebSite\",\"@id\":\"https:\/\/www.wscad.com\/hu\/#website\",\"url\":\"https:\/\/www.wscad.com\/hu\/\",\"name\":\"WSCAD GmbH\",\"description\":\"The only AI-powered electrical CAD\",\"publisher\":{\"@id\":\"https:\/\/www.wscad.com\/hu\/#organization\"},\"alternateName\":\"Electrical CAD Software\",\"potentialAction\":[{\"@type\":\"SearchAction\",\"target\":{\"@type\":\"EntryPoint\",\"urlTemplate\":\"https:\/\/www.wscad.com\/hu\/?s={search_term_string}\"},\"query-input\":{\"@type\":\"PropertyValueSpecification\",\"valueRequired\":true,\"valueName\":\"search_term_string\"}}],\"inLanguage\":\"hu\"},{\"@type\":\"Organization\",\"@id\":\"https:\/\/www.wscad.com\/hu\/#organization\",\"name\":\"WSCAD GmbH\",\"alternateName\":\"ELECTRIX\",\"url\":\"https:\/\/www.wscad.com\/hu\/\",\"logo\":{\"@type\":\"ImageObject\",\"inLanguage\":\"hu\",\"@id\":\"https:\/\/www.wscad.com\/hu\/#\/schema\/logo\/image\/\",\"url\":\"https:\/\/www.wscad.com\/wp-content\/uploads\/2024\/10\/WSCAD-Logo-4c_Positive-Blue-RGB_frameless.png\",\"contentUrl\":\"https:\/\/www.wscad.com\/wp-content\/uploads\/2024\/10\/WSCAD-Logo-4c_Positive-Blue-RGB_frameless.png\",\"width\":2000,\"height\":392,\"caption\":\"WSCAD GmbH\"},\"image\":{\"@id\":\"https:\/\/www.wscad.com\/hu\/#\/schema\/logo\/image\/\"},\"sameAs\":[\"https:\/\/x.com\/wscad\",\"https:\/\/www.instagram.com\/wscad_gmbh\",\"https:\/\/www.linkedin.com\/company\/wscad\/\",\"https:\/\/www.youtube.com\/c\/WSCADGmbH\"]},{\"@type\":\"Person\",\"@id\":\"https:\/\/www.wscad.com\/hu\/#\/schema\/person\/062e798bd850a5d12170c1e8ae712a0f\",\"name\":\"Alex Vell\"}]}<\/script>\n<!-- \/ Yoast SEO plugin. -->","yoast_head_json":{"title":"Impresszum | WSCAD GmbH","description":"WSCAD Impresszum Information provided according to Sec. 5 German Telemedia Act (TMG): WSCAD GmbH Dieselstra\u00dfe 4 85232 Bergkirchen Represented by: Dr. Axel","robots":{"index":"index","follow":"follow","max-snippet":"max-snippet:-1","max-image-preview":"max-image-preview:large","max-video-preview":"max-video-preview:-1"},"canonical":"https:\/\/www.wscad.com\/hu\/impresszum\/","og_locale":"hu_HU","og_type":"article","og_title":"Impresszum | WSCAD GmbH","og_description":"WSCAD Impresszum Information provided according to Sec. 5 German Telemedia Act (TMG): WSCAD GmbH Dieselstra\u00dfe 4 85232 Bergkirchen Represented by: Dr. Axel","og_url":"https:\/\/www.wscad.com\/hu\/impresszum\/","og_site_name":"WSCAD GmbH","article_modified_time":"2021-12-07T14:26:32+00:00","og_image":[{"width":1024,"height":768,"url":"https:\/\/www.wscad.com\/wp-content\/uploads\/2021\/01\/WSCAD_default_preview_image.jpg","type":"image\/jpeg"}],"twitter_card":"summary_large_image","twitter_site":"@wscad","twitter_misc":{"Becs\u00fclt olvas\u00e1si id\u0151":"3 perc"},"schema":{"@context":"https:\/\/schema.org","@graph":[{"@type":"TechArticle","@id":"https:\/\/www.wscad.com\/hu\/impresszum\/#article","isPartOf":{"@id":"https:\/\/www.wscad.com\/hu\/impresszum\/"},"author":{"name":"Alex Vell","@id":"https:\/\/www.wscad.com\/hu\/#\/schema\/person\/062e798bd850a5d12170c1e8ae712a0f"},"headline":"Impresszum","datePublished":"2016-03-17T09:23:54+00:00","dateModified":"2021-12-07T14:26:32+00:00","mainEntityOfPage":{"@id":"https:\/\/www.wscad.com\/hu\/impresszum\/"},"wordCount":772,"publisher":{"@id":"https:\/\/www.wscad.com\/hu\/#organization"},"inLanguage":"hu"},{"@type":"WebPage","@id":"https:\/\/www.wscad.com\/hu\/impresszum\/","url":"https:\/\/www.wscad.com\/hu\/impresszum\/","name":"Impresszum | WSCAD GmbH","isPartOf":{"@id":"https:\/\/www.wscad.com\/hu\/#website"},"datePublished":"2016-03-17T09:23:54+00:00","dateModified":"2021-12-07T14:26:32+00:00","description":"WSCAD Impresszum Information provided according to Sec. 5 German Telemedia Act (TMG): WSCAD GmbH Dieselstra\u00dfe 4 85232 Bergkirchen Represented by: Dr. Axel","inLanguage":"hu","potentialAction":[{"@type":"ReadAction","target":["https:\/\/www.wscad.com\/hu\/impresszum\/"]}]},{"@type":"WebSite","@id":"https:\/\/www.wscad.com\/hu\/#website","url":"https:\/\/www.wscad.com\/hu\/","name":"WSCAD GmbH","description":"The only AI-powered electrical CAD","publisher":{"@id":"https:\/\/www.wscad.com\/hu\/#organization"},"alternateName":"Electrical CAD Software","potentialAction":[{"@type":"SearchAction","target":{"@type":"EntryPoint","urlTemplate":"https:\/\/www.wscad.com\/hu\/?s={search_term_string}"},"query-input":{"@type":"PropertyValueSpecification","valueRequired":true,"valueName":"search_term_string"}}],"inLanguage":"hu"},{"@type":"Organization","@id":"https:\/\/www.wscad.com\/hu\/#organization","name":"WSCAD GmbH","alternateName":"ELECTRIX","url":"https:\/\/www.wscad.com\/hu\/","logo":{"@type":"ImageObject","inLanguage":"hu","@id":"https:\/\/www.wscad.com\/hu\/#\/schema\/logo\/image\/","url":"https:\/\/www.wscad.com\/wp-content\/uploads\/2024\/10\/WSCAD-Logo-4c_Positive-Blue-RGB_frameless.png","contentUrl":"https:\/\/www.wscad.com\/wp-content\/uploads\/2024\/10\/WSCAD-Logo-4c_Positive-Blue-RGB_frameless.png","width":2000,"height":392,"caption":"WSCAD GmbH"},"image":{"@id":"https:\/\/www.wscad.com\/hu\/#\/schema\/logo\/image\/"},"sameAs":["https:\/\/x.com\/wscad","https:\/\/www.instagram.com\/wscad_gmbh","https:\/\/www.linkedin.com\/company\/wscad\/","https:\/\/www.youtube.com\/c\/WSCADGmbH"]},{"@type":"Person","@id":"https:\/\/www.wscad.com\/hu\/#\/schema\/person\/062e798bd850a5d12170c1e8ae712a0f","name":"Alex Vell"}]}},"publishpress_future_workflow_manual_trigger":{"enabledWorkflows":[]},"_links":{"self":[{"href":"https:\/\/www.wscad.com\/hu\/wp-json\/wp\/v2\/pages\/103633","targetHints":{"allow":["GET"]}}],"collection":[{"href":"https:\/\/www.wscad.com\/hu\/wp-json\/wp\/v2\/pages"}],"about":[{"href":"https:\/\/www.wscad.com\/hu\/wp-json\/wp\/v2\/types\/page"}],"author":[{"embeddable":true,"href":"https:\/\/www.wscad.com\/hu\/wp-json\/wp\/v2\/users\/48"}],"replies":[{"embeddable":true,"href":"https:\/\/www.wscad.com\/hu\/wp-json\/wp\/v2\/comments?post=103633"}],"version-history":[{"count":0,"href":"https:\/\/www.wscad.com\/hu\/wp-json\/wp\/v2\/pages\/103633\/revisions"}],"wp:attachment":[{"href":"https:\/\/www.wscad.com\/hu\/wp-json\/wp\/v2\/media?parent=103633"}],"curies":[{"name":"wp","href":"https:\/\/api.w.org\/{rel}","templated":true}]}}