{"id":132875,"date":"2023-04-20T16:54:20","date_gmt":"2023-04-20T14:54:20","guid":{"rendered":"https:\/\/www.wscad.com\/?page_id=132875"},"modified":"2023-04-20T16:54:20","modified_gmt":"2023-04-20T14:54:20","slug":"kuenye","status":"publish","type":"page","link":"https:\/\/www.wscad.com\/en\/kuenye\/","title":{"rendered":"K\u00fcnye"},"content":{"rendered":"[vc_row type=&#8221;in_container&#8221; full_screen_row_position=&#8221;middle&#8221; column_margin=&#8221;default&#8221; column_direction=&#8221;default&#8221; column_direction_tablet=&#8221;default&#8221; column_direction_phone=&#8221;default&#8221; scene_position=&#8221;center&#8221; text_color=&#8221;dark&#8221; text_align=&#8221;left&#8221; row_border_radius=&#8221;none&#8221; row_border_radius_applies=&#8221;bg&#8221; overflow=&#8221;visible&#8221; overlay_strength=&#8221;0.3&#8243; gradient_direction=&#8221;left_to_right&#8221; shape_divider_position=&#8221;bottom&#8221; bg_image_animation=&#8221;none&#8221;][vc_column column_padding=&#8221;no-extra-padding&#8221; column_padding_tablet=&#8221;inherit&#8221; column_padding_phone=&#8221;inherit&#8221; column_padding_position=&#8221;all&#8221; column_element_direction_desktop=&#8221;default&#8221; column_element_spacing=&#8221;default&#8221; desktop_text_alignment=&#8221;default&#8221; tablet_text_alignment=&#8221;default&#8221; phone_text_alignment=&#8221;default&#8221; background_color_opacity=&#8221;1&#8243; background_hover_color_opacity=&#8221;1&#8243; column_backdrop_filter=&#8221;none&#8221; column_shadow=&#8221;none&#8221; column_border_radius=&#8221;none&#8221; column_link_target=&#8221;_self&#8221; column_position=&#8221;default&#8221; gradient_direction=&#8221;left_to_right&#8221; overlay_strength=&#8221;0.3&#8243; width=&#8221;1\/1&#8243; tablet_width_inherit=&#8221;default&#8221; animation_type=&#8221;default&#8221; bg_image_animation=&#8221;none&#8221; border_type=&#8221;simple&#8221; column_border_width=&#8221;none&#8221; column_border_style=&#8221;solid&#8221;][vc_column_text]\n<h1>WSCAD k\u00fcnye<\/h1>\n[\/vc_column_text][divider line_type=&#8221;Small Line&#8221; line_alignment=&#8221;default&#8221; line_thickness=&#8221;1&#8243; divider_color=&#8221;default&#8221; custom_height=&#8221;35&#8243;][vc_column_text max_width=&#8221;900&#8243;]\n<h4>Tele Medya Kanunu (TMG), Madde 5 uyar\u0131nca bilgiler<\/h4>\n<p>WSCAD GmbH<br \/>\nDieselstra\u00dfe 4<br \/>\n85232 Bergkirchen<\/p>\n<h4>Yetkili temsilci<\/h4>\n<p>Dr. Axel Zein, Moritz Buhl<\/p>\n<h4>\u0130leti\u015fim<\/h4>\n<p>Telefon: +49 (0) 8131 \/ 3627 \u2013 0<br \/>\nFaks: +49 (0) 8131 \/ 3627 \u2013 50<br \/>\nE-posta: info@wscad.com<\/p>\n<h4>Sicil kayd\u0131<\/h4>\n<p>Ticaret siciline kay\u0131tl\u0131d\u0131r.<br \/>\nSicil mahkemesi: M\u00fcnih Yerel Mahkemesi<br \/>\nSicil numaras\u0131: HRB 90263<\/p>\n<h4>Katma de\u011fer vergisi<\/h4>\n<p>Katma De\u011fer Vergisi Kanunu, Madde 27 (a) uyar\u0131nca Katma De\u011fer Vergisi Kimlik Numaras\u0131: DE 128 251 316<\/p>\n<h4>Federe Devletleraras\u0131 Yay\u0131n S\u00f6zle\u015fmesi (RStV), Madde 55, Paragraf 2 uyar\u0131nca i\u00e7erikten sorumlu taraf<\/h4>\n<p>Dr. Axel Zein<br \/>\nDieselstra\u00dfe 4<br \/>\n85232 Bergkirchen[\/vc_column_text][divider line_type=&#8221;No Line&#8221; custom_height=&#8221;50&#8243;][vc_column_text max_width=&#8221;900&#8243;]\n<h3>Arabuluculuk<\/h3>\n<p>Avrupa Komisyonu, anla\u015fmazl\u0131klar\u0131n internet \u00fczerinden \u00e7\u00f6z\u00fcm\u00fc i\u00e7in bir platform sunar:<br \/>\nhttps:\/\/ec.europa.eu\/consumers\/odr.<br \/>\nE-posta adresimizi k\u00fcnyenin \u00fcst k\u0131sm\u0131nda bulabilirsiniz.<br \/>\nBir t\u00fcketici hakem heyeti nezdindeki anla\u015fmazl\u0131k \u00e7\u00f6z\u00fcm i\u015flemlerine kat\u0131lmaya istekli ve bununla y\u00fck\u00fcml\u00fc de\u011filiz.<br \/>\n\u0130\u00e7eriklere ili\u015fkin sorumluluklar<br \/>\nTele Medya Kanunu (TMG), Madde 7, Paragraf 1 uyar\u0131nca, hizmet sa\u011flay\u0131c\u0131 olarak genel yasalara g\u00f6re bu sayfalarda yer alan kendi i\u00e7eriklerimizden sorumluyuz. Ancak TMG Madde 8 ila 10 uyar\u0131nca, hizmet sa\u011flay\u0131c\u0131 olarak aktar\u0131lan veya kaydedilen yabanc\u0131 bilgilerin denetlenmesinden ya da yasalara ayk\u0131r\u0131 faaliyetlere i\u015faret eden ko\u015fullar bak\u0131m\u0131ndan ara\u015ft\u0131r\u0131lmas\u0131ndan sorumlu de\u011filiz.<br \/>\nGenel yasalara g\u00f6re bilgileri kald\u0131rmaya veya kullan\u0131m\u0131n\u0131 engellemeye ili\u015fkin sorumluluklar bundan etkilenmez. Ancak somut bir yasa ihlalinin \u00f6\u011frenildi\u011fi andan itibaren b\u00f6yle bir sorumluluktan s\u00f6z edilebilir. \u0130lgili yasa ihlallerinden haberdar olmam\u0131z halinde bu i\u00e7erikleri derhal kald\u0131raca\u011f\u0131z.<\/p>\n<h3>Ba\u011flant\u0131lara ili\u015fkin sorumluluklar<\/h3>\n<p>Tekliflerimiz, sizi harici \u00fc\u00e7\u00fcnc\u00fc taraf web sitelerine y\u00f6nlendiren ba\u011flant\u0131lar i\u00e7erir ancak bu sitelerin i\u00e7erikleri \u00fczerinde hi\u00e7bir etkimiz yoktur. Dolay\u0131s\u0131yla bu yabanc\u0131 i\u00e7eriklere y\u00f6nelik hi\u00e7bir sorumluluk alam\u0131yoruz. Ba\u011flant\u0131lar\u0131n y\u00f6nlendirdi\u011fi sayfalarda yer alan i\u00e7eriklerin sorumlusu daima ilgili sunucu veya sayfalar\u0131n operat\u00f6r\u00fcd\u00fcr. Ba\u011flant\u0131lar\u0131n y\u00f6nlendirdi\u011fi sayfalar, k\u00f6pr\u00fclemenin yap\u0131ld\u0131\u011f\u0131 anda olas\u0131 yasa ihlallerine kar\u015f\u0131 kontrol edilmi\u015ftir. K\u00f6pr\u00fclemenin yap\u0131ld\u0131\u011f\u0131 anda yasalara ayk\u0131r\u0131 herhangi bir i\u00e7erik tespit edilmemi\u015ftir.<br \/>\nYasa ihlaline ili\u015fkin somut bir belirti olmad\u0131\u011f\u0131 s\u00fcrece, ba\u011flant\u0131lar\u0131n y\u00f6nlendirdi\u011fi sayfalardaki i\u00e7eriklerin s\u00fcrekli kontrol edilmesi beklenemez. \u0130lgili yasa ihlallerinden haberdar olmam\u0131z halinde bu t\u00fcr ba\u011flant\u0131lar\u0131 derhal kald\u0131raca\u011f\u0131z.<\/p>\n<h3>Telif hakk\u0131<\/h3>\n<p>Sayfa operat\u00f6r\u00fc taraf\u0131ndan olu\u015fturulan i\u00e7erikler ve bu sayfalardaki eserler Alman telif hakk\u0131 yasas\u0131 kapsam\u0131ndad\u0131r. Telif hakk\u0131 s\u0131n\u0131rlar\u0131 d\u0131\u015f\u0131nda kalan \u00e7o\u011faltma, i\u015fleme, da\u011f\u0131tma ve her t\u00fcrl\u00fc faydalanma eylemi, ilgili yazar\u0131n veya eser sahibinin yaz\u0131l\u0131 onay\u0131n\u0131 gerektirir. Bu sayfa yaln\u0131zca ticari olmayan, \u015fahsi kullan\u0131m i\u00e7in indirilebilir ve kopyalanabilir.<br \/>\nBu sayfadaki i\u00e7erikler operat\u00f6r taraf\u0131ndan olu\u015fturulmam\u0131\u015fsa \u00fc\u00e7\u00fcnc\u00fc taraflar\u0131n telif haklar\u0131 dikkate al\u0131nmal\u0131d\u0131r. Bu, \u00f6zellikle \u00fc\u00e7\u00fcnc\u00fc taraflar\u0131n i\u00e7erikleri i\u00e7in ge\u00e7erlidir. Yine de bir telif hakk\u0131 ihlali oldu\u011funu d\u00fc\u015f\u00fcn\u00fcrseniz l\u00fctfen bize bununla ilgili bilgi verin. Yasa ihlallerinden haberdar olmam\u0131z halinde[\/vc_column_text][\/vc_column][\/vc_row]\n","protected":false},"excerpt":{"rendered":"<p>[vc_row type=&#8221;in_container&#8221; full_screen_row_position=&#8221;middle&#8221; column_margin=&#8221;default&#8221; column_direction=&#8221;default&#8221; column_direction_tablet=&#8221;default&#8221; column_direction_phone=&#8221;default&#8221; scene_position=&#8221;center&#8221; text_color=&#8221;dark&#8221; text_align=&#8221;left&#8221; row_border_radius=&#8221;none&#8221; row_border_radius_applies=&#8221;bg&#8221; overflow=&#8221;visible&#8221; overlay_strength=&#8221;0.3&#8243; gradient_direction=&#8221;left_to_right&#8221; shape_divider_position=&#8221;bottom&#8221; bg_image_animation=&#8221;none&#8221;][vc_column column_padding=&#8221;no-extra-padding&#8221; column_padding_tablet=&#8221;inherit&#8221; column_padding_phone=&#8221;inherit&#8221; column_padding_position=&#8221;all&#8221; column_element_direction_desktop=&#8221;default&#8221; column_element_spacing=&#8221;default&#8221; desktop_text_alignment=&#8221;default&#8221; tablet_text_alignment=&#8221;default&#8221; phone_text_alignment=&#8221;default&#8221; background_color_opacity=&#8221;1&#8243; background_hover_color_opacity=&#8221;1&#8243; column_backdrop_filter=&#8221;none&#8221; column_shadow=&#8221;none&#8221; column_border_radius=&#8221;none&#8221; column_link_target=&#8221;_self&#8221; column_position=&#8221;default&#8221; gradient_direction=&#8221;left_to_right&#8221; overlay_strength=&#8221;0.3&#8243; width=&#8221;1\/1&#8243; tablet_width_inherit=&#8221;default&#8221; animation_type=&#8221;default&#8221; bg_image_animation=&#8221;none&#8221; border_type=&#8221;simple&#8221;&#8230;<\/p>\n","protected":false},"author":48,"featured_media":0,"parent":0,"menu_order":0,"comment_status":"closed","ping_status":"closed","template":"","meta":{"content-type":"","inline_featured_image":false,"footnotes":""},"class_list":["post-132875","page","type-page","status-publish"],"yoast_head":"<!-- This site is optimized with the Yoast SEO plugin v27.1.1 - https:\/\/yoast.com\/product\/yoast-seo-wordpress\/ -->\n<title>K\u00fcnye | WSCAD GmbH<\/title>\n<meta name=\"description\" content=\"WSCAD k\u00fcnye Tele Medya Kanunu (TMG), Madde 5 uyar\u0131nca bilgiler WSCAD GmbH Dieselstra\u00dfe 4 85232 Bergkirchen Yetkili temsilci Dr. Axel Zein, Moritz Buhl\" \/>\n<meta name=\"robots\" content=\"index, follow, max-snippet:-1, max-image-preview:large, max-video-preview:-1\" \/>\n<link rel=\"canonical\" href=\"https:\/\/www.wscad.com\/en\/kuenye\/\" \/>\n<meta property=\"og:locale\" content=\"en_GB\" \/>\n<meta property=\"og:type\" content=\"article\" \/>\n<meta property=\"og:title\" content=\"K\u00fcnye | WSCAD GmbH\" \/>\n<meta property=\"og:description\" content=\"WSCAD k\u00fcnye Tele Medya Kanunu (TMG), Madde 5 uyar\u0131nca bilgiler WSCAD GmbH Dieselstra\u00dfe 4 85232 Bergkirchen Yetkili temsilci Dr. Axel Zein, Moritz Buhl\" \/>\n<meta property=\"og:url\" content=\"https:\/\/www.wscad.com\/en\/kuenye\/\" \/>\n<meta property=\"og:site_name\" content=\"WSCAD GmbH\" \/>\n<meta property=\"og:image\" content=\"https:\/\/www.wscad.com\/wp-content\/uploads\/2021\/01\/WSCAD_default_preview_image.jpg\" \/>\n\t<meta property=\"og:image:width\" content=\"1024\" \/>\n\t<meta property=\"og:image:height\" content=\"768\" \/>\n\t<meta property=\"og:image:type\" content=\"image\/jpeg\" \/>\n<meta name=\"twitter:card\" content=\"summary_large_image\" \/>\n<meta name=\"twitter:site\" content=\"@wscad\" \/>\n<meta name=\"twitter:label1\" content=\"Estimated reading time\" \/>\n\t<meta name=\"twitter:data1\" content=\"3 minutes\" \/>\n<script type=\"application\/ld+json\" class=\"yoast-schema-graph\">{\"@context\":\"https:\/\/schema.org\",\"@graph\":[{\"@type\":\"TechArticle\",\"@id\":\"https:\/\/www.wscad.com\/en\/kuenye\/#article\",\"isPartOf\":{\"@id\":\"https:\/\/www.wscad.com\/en\/kuenye\/\"},\"author\":{\"name\":\"Alex Vell\",\"@id\":\"https:\/\/www.wscad.com\/en\/#\/schema\/person\/062e798bd850a5d12170c1e8ae712a0f\"},\"headline\":\"K\u00fcnye\",\"datePublished\":\"2023-04-20T14:54:20+00:00\",\"mainEntityOfPage\":{\"@id\":\"https:\/\/www.wscad.com\/en\/kuenye\/\"},\"wordCount\":731,\"publisher\":{\"@id\":\"https:\/\/www.wscad.com\/en\/#organization\"},\"inLanguage\":\"en-GB\"},{\"@type\":\"WebPage\",\"@id\":\"https:\/\/www.wscad.com\/en\/kuenye\/\",\"url\":\"https:\/\/www.wscad.com\/en\/kuenye\/\",\"name\":\"K\u00fcnye | WSCAD GmbH\",\"isPartOf\":{\"@id\":\"https:\/\/www.wscad.com\/en\/#website\"},\"datePublished\":\"2023-04-20T14:54:20+00:00\",\"description\":\"WSCAD k\u00fcnye Tele Medya Kanunu (TMG), Madde 5 uyar\u0131nca bilgiler WSCAD GmbH Dieselstra\u00dfe 4 85232 Bergkirchen Yetkili temsilci Dr. Axel Zein, Moritz Buhl\",\"inLanguage\":\"en-GB\",\"potentialAction\":[{\"@type\":\"ReadAction\",\"target\":[\"https:\/\/www.wscad.com\/en\/kuenye\/\"]}]},{\"@type\":\"WebSite\",\"@id\":\"https:\/\/www.wscad.com\/en\/#website\",\"url\":\"https:\/\/www.wscad.com\/en\/\",\"name\":\"WSCAD GmbH\",\"description\":\"The only AI-powered electrical CAD\",\"publisher\":{\"@id\":\"https:\/\/www.wscad.com\/en\/#organization\"},\"alternateName\":\"Electrical CAD Software\",\"potentialAction\":[{\"@type\":\"SearchAction\",\"target\":{\"@type\":\"EntryPoint\",\"urlTemplate\":\"https:\/\/www.wscad.com\/en\/?s={search_term_string}\"},\"query-input\":{\"@type\":\"PropertyValueSpecification\",\"valueRequired\":true,\"valueName\":\"search_term_string\"}}],\"inLanguage\":\"en-GB\"},{\"@type\":\"Organization\",\"@id\":\"https:\/\/www.wscad.com\/en\/#organization\",\"name\":\"WSCAD GmbH\",\"alternateName\":\"ELECTRIX\",\"url\":\"https:\/\/www.wscad.com\/en\/\",\"logo\":{\"@type\":\"ImageObject\",\"inLanguage\":\"en-GB\",\"@id\":\"https:\/\/www.wscad.com\/en\/#\/schema\/logo\/image\/\",\"url\":\"https:\/\/www.wscad.com\/wp-content\/uploads\/2024\/10\/WSCAD-Logo-4c_Positive-Blue-RGB_frameless.png\",\"contentUrl\":\"https:\/\/www.wscad.com\/wp-content\/uploads\/2024\/10\/WSCAD-Logo-4c_Positive-Blue-RGB_frameless.png\",\"width\":2000,\"height\":392,\"caption\":\"WSCAD GmbH\"},\"image\":{\"@id\":\"https:\/\/www.wscad.com\/en\/#\/schema\/logo\/image\/\"},\"sameAs\":[\"https:\/\/x.com\/wscad\",\"https:\/\/www.instagram.com\/wscad_gmbh\",\"https:\/\/www.linkedin.com\/company\/wscad\/\",\"https:\/\/www.youtube.com\/c\/WSCADGmbH\"]},{\"@type\":\"Person\",\"@id\":\"https:\/\/www.wscad.com\/en\/#\/schema\/person\/062e798bd850a5d12170c1e8ae712a0f\",\"name\":\"Alex Vell\"}]}<\/script>\n<!-- \/ Yoast SEO plugin. -->","yoast_head_json":{"title":"K\u00fcnye | WSCAD GmbH","description":"WSCAD k\u00fcnye Tele Medya Kanunu (TMG), Madde 5 uyar\u0131nca bilgiler WSCAD GmbH Dieselstra\u00dfe 4 85232 Bergkirchen Yetkili temsilci Dr. Axel Zein, Moritz Buhl","robots":{"index":"index","follow":"follow","max-snippet":"max-snippet:-1","max-image-preview":"max-image-preview:large","max-video-preview":"max-video-preview:-1"},"canonical":"https:\/\/www.wscad.com\/en\/kuenye\/","og_locale":"en_GB","og_type":"article","og_title":"K\u00fcnye | WSCAD GmbH","og_description":"WSCAD k\u00fcnye Tele Medya Kanunu (TMG), Madde 5 uyar\u0131nca bilgiler WSCAD GmbH Dieselstra\u00dfe 4 85232 Bergkirchen Yetkili temsilci Dr. Axel Zein, Moritz Buhl","og_url":"https:\/\/www.wscad.com\/en\/kuenye\/","og_site_name":"WSCAD GmbH","og_image":[{"width":1024,"height":768,"url":"https:\/\/www.wscad.com\/wp-content\/uploads\/2021\/01\/WSCAD_default_preview_image.jpg","type":"image\/jpeg"}],"twitter_card":"summary_large_image","twitter_site":"@wscad","twitter_misc":{"Estimated reading time":"3 minutes"},"schema":{"@context":"https:\/\/schema.org","@graph":[{"@type":"TechArticle","@id":"https:\/\/www.wscad.com\/en\/kuenye\/#article","isPartOf":{"@id":"https:\/\/www.wscad.com\/en\/kuenye\/"},"author":{"name":"Alex Vell","@id":"https:\/\/www.wscad.com\/en\/#\/schema\/person\/062e798bd850a5d12170c1e8ae712a0f"},"headline":"K\u00fcnye","datePublished":"2023-04-20T14:54:20+00:00","mainEntityOfPage":{"@id":"https:\/\/www.wscad.com\/en\/kuenye\/"},"wordCount":731,"publisher":{"@id":"https:\/\/www.wscad.com\/en\/#organization"},"inLanguage":"en-GB"},{"@type":"WebPage","@id":"https:\/\/www.wscad.com\/en\/kuenye\/","url":"https:\/\/www.wscad.com\/en\/kuenye\/","name":"K\u00fcnye | WSCAD GmbH","isPartOf":{"@id":"https:\/\/www.wscad.com\/en\/#website"},"datePublished":"2023-04-20T14:54:20+00:00","description":"WSCAD k\u00fcnye Tele Medya Kanunu (TMG), Madde 5 uyar\u0131nca bilgiler WSCAD GmbH Dieselstra\u00dfe 4 85232 Bergkirchen Yetkili temsilci Dr. Axel Zein, Moritz Buhl","inLanguage":"en-GB","potentialAction":[{"@type":"ReadAction","target":["https:\/\/www.wscad.com\/en\/kuenye\/"]}]},{"@type":"WebSite","@id":"https:\/\/www.wscad.com\/en\/#website","url":"https:\/\/www.wscad.com\/en\/","name":"WSCAD GmbH","description":"The only AI-powered electrical CAD","publisher":{"@id":"https:\/\/www.wscad.com\/en\/#organization"},"alternateName":"Electrical CAD Software","potentialAction":[{"@type":"SearchAction","target":{"@type":"EntryPoint","urlTemplate":"https:\/\/www.wscad.com\/en\/?s={search_term_string}"},"query-input":{"@type":"PropertyValueSpecification","valueRequired":true,"valueName":"search_term_string"}}],"inLanguage":"en-GB"},{"@type":"Organization","@id":"https:\/\/www.wscad.com\/en\/#organization","name":"WSCAD GmbH","alternateName":"ELECTRIX","url":"https:\/\/www.wscad.com\/en\/","logo":{"@type":"ImageObject","inLanguage":"en-GB","@id":"https:\/\/www.wscad.com\/en\/#\/schema\/logo\/image\/","url":"https:\/\/www.wscad.com\/wp-content\/uploads\/2024\/10\/WSCAD-Logo-4c_Positive-Blue-RGB_frameless.png","contentUrl":"https:\/\/www.wscad.com\/wp-content\/uploads\/2024\/10\/WSCAD-Logo-4c_Positive-Blue-RGB_frameless.png","width":2000,"height":392,"caption":"WSCAD GmbH"},"image":{"@id":"https:\/\/www.wscad.com\/en\/#\/schema\/logo\/image\/"},"sameAs":["https:\/\/x.com\/wscad","https:\/\/www.instagram.com\/wscad_gmbh","https:\/\/www.linkedin.com\/company\/wscad\/","https:\/\/www.youtube.com\/c\/WSCADGmbH"]},{"@type":"Person","@id":"https:\/\/www.wscad.com\/en\/#\/schema\/person\/062e798bd850a5d12170c1e8ae712a0f","name":"Alex Vell"}]}},"publishpress_future_workflow_manual_trigger":{"enabledWorkflows":[]},"_links":{"self":[{"href":"https:\/\/www.wscad.com\/en\/wp-json\/wp\/v2\/pages\/132875","targetHints":{"allow":["GET"]}}],"collection":[{"href":"https:\/\/www.wscad.com\/en\/wp-json\/wp\/v2\/pages"}],"about":[{"href":"https:\/\/www.wscad.com\/en\/wp-json\/wp\/v2\/types\/page"}],"author":[{"embeddable":true,"href":"https:\/\/www.wscad.com\/en\/wp-json\/wp\/v2\/users\/48"}],"replies":[{"embeddable":true,"href":"https:\/\/www.wscad.com\/en\/wp-json\/wp\/v2\/comments?post=132875"}],"version-history":[{"count":0,"href":"https:\/\/www.wscad.com\/en\/wp-json\/wp\/v2\/pages\/132875\/revisions"}],"wp:attachment":[{"href":"https:\/\/www.wscad.com\/en\/wp-json\/wp\/v2\/media?parent=132875"}],"curies":[{"name":"wp","href":"https:\/\/api.w.org\/{rel}","templated":true}]}}